{"id":12663,"date":"2024-09-18T10:34:37","date_gmt":"2024-09-18T08:34:37","guid":{"rendered":"https:\/\/www.digitalgroup.com\/social-media-serv\/"},"modified":"2024-09-20T10:55:43","modified_gmt":"2024-09-20T08:55:43","slug":"social-media","status":"publish","type":"page","link":"https:\/\/www.digitalgroup.com\/ca\/social-media\/","title":{"rendered":"Social Media"},"content":{"rendered":"","protected":false},"excerpt":{"rendered":"","protected":false},"author":9,"featured_media":5053,"parent":0,"menu_order":0,"comment_status":"closed","ping_status":"closed","template":"page-templates\/servicios.php","meta":{"_acf_changed":false,"footnotes":""},"class_list":["post-12663","page","type-page","status-publish","has-post-thumbnail","hentry"],"acf":[],"yoast_head":"<!-- This site is optimized with the Yoast SEO plugin v25.6 - https:\/\/yoast.com\/wordpress\/plugins\/seo\/ -->\n<title>Agencia Mitj\u00e0 social - Gesti\u00f3 de Xarxes Socials | Digital Group<\/title>\n<meta name=\"description\" content=\"Oferim serveis de gesti\u00f3 de Xarxes Socials estrat\u00e8gics. Creem contingut \u00fanic per a fidelizar a la teva audi\u00e8ncia i millorar el engagement.\" \/>\n<meta name=\"robots\" content=\"noindex, nofollow\" \/>\n<meta property=\"og:locale\" content=\"ca_ES\" \/>\n<meta property=\"og:type\" content=\"article\" \/>\n<meta property=\"og:title\" content=\"Agencia Mitj\u00e0 social - Gesti\u00f3 de Xarxes Socials | Digital Group\" \/>\n<meta property=\"og:description\" content=\"Oferim serveis de gesti\u00f3 de Xarxes Socials estrat\u00e8gics. Creem contingut \u00fanic per a fidelizar a la teva audi\u00e8ncia i millorar el engagement.\" \/>\n<meta property=\"og:url\" content=\"https:\/\/www.digitalgroup.com\/ca\/social-media\/\" \/>\n<meta property=\"og:site_name\" content=\"Digital Group\" \/>\n<meta property=\"article:publisher\" content=\"https:\/\/www.facebook.com\/profile.php?id=100057584914256\" \/>\n<meta property=\"article:modified_time\" content=\"2024-09-20T08:55:43+00:00\" \/>\n<meta name=\"twitter:card\" content=\"summary_large_image\" \/>\n<meta name=\"twitter:site\" content=\"@digitalgroup360\" \/>\n<meta name=\"twitter:label1\" content=\"Temps estimat de lectura\" \/>\n\t<meta name=\"twitter:data1\" content=\"1 minut\" \/>\n<script type=\"application\/ld+json\" class=\"yoast-schema-graph\">{\"@context\":\"https:\/\/schema.org\",\"@graph\":[{\"@type\":\"WebPage\",\"@id\":\"https:\/\/www.digitalgroup.com\/ca\/social-media\/\",\"url\":\"https:\/\/www.digitalgroup.com\/ca\/social-media\/\",\"name\":\"Agencia Mitj\u00e0 social - Gesti\u00f3 de Xarxes Socials | Digital Group\",\"isPartOf\":{\"@id\":\"https:\/\/www.digitalgroup.com\/ca\/#website\"},\"primaryImageOfPage\":{\"@id\":\"https:\/\/www.digitalgroup.com\/ca\/social-media\/#primaryimage\"},\"image\":{\"@id\":\"https:\/\/www.digitalgroup.com\/ca\/social-media\/#primaryimage\"},\"thumbnailUrl\":\"https:\/\/www.digitalgroup.com\/wp-content\/uploads\/2023\/10\/logo-grow-naranja.svg\",\"datePublished\":\"2024-09-18T08:34:37+00:00\",\"dateModified\":\"2024-09-20T08:55:43+00:00\",\"description\":\"Oferim serveis de gesti\u00f3 de Xarxes Socials estrat\u00e8gics. Creem contingut \u00fanic per a fidelizar a la teva audi\u00e8ncia i millorar el engagement.\",\"breadcrumb\":{\"@id\":\"https:\/\/www.digitalgroup.com\/ca\/social-media\/#breadcrumb\"},\"inLanguage\":\"ca\",\"potentialAction\":[{\"@type\":\"ReadAction\",\"target\":[\"https:\/\/www.digitalgroup.com\/ca\/social-media\/\"]}]},{\"@type\":\"ImageObject\",\"inLanguage\":\"ca\",\"@id\":\"https:\/\/www.digitalgroup.com\/ca\/social-media\/#primaryimage\",\"url\":\"https:\/\/www.digitalgroup.com\/wp-content\/uploads\/2023\/10\/logo-grow-naranja.svg\",\"contentUrl\":\"https:\/\/www.digitalgroup.com\/wp-content\/uploads\/2023\/10\/logo-grow-naranja.svg\",\"width\":274,\"height\":300},{\"@type\":\"BreadcrumbList\",\"@id\":\"https:\/\/www.digitalgroup.com\/ca\/social-media\/#breadcrumb\",\"itemListElement\":[{\"@type\":\"ListItem\",\"position\":1,\"name\":\"Portada\",\"item\":\"https:\/\/www.digitalgroup.com\/ca\/home\/\"},{\"@type\":\"ListItem\",\"position\":2,\"name\":\"Social Media\"}]},{\"@type\":\"WebSite\",\"@id\":\"https:\/\/www.digitalgroup.com\/ca\/#website\",\"url\":\"https:\/\/www.digitalgroup.com\/ca\/\",\"name\":\"Digital Group\",\"description\":\"Som una ag\u00e8ncia especialitzada en anal\u00edtica web i digital. Tradu\u00efm les dades en informaci\u00f3 operativa per fer cr\u00e9ixer el teu negoci.\",\"publisher\":{\"@id\":\"https:\/\/www.digitalgroup.com\/ca\/#organization\"},\"alternateName\":\"Digital Group\",\"potentialAction\":[{\"@type\":\"SearchAction\",\"target\":{\"@type\":\"EntryPoint\",\"urlTemplate\":\"https:\/\/www.digitalgroup.com\/ca\/?s={search_term_string}\"},\"query-input\":{\"@type\":\"PropertyValueSpecification\",\"valueRequired\":true,\"valueName\":\"search_term_string\"}}],\"inLanguage\":\"ca\"},{\"@type\":\"Organization\",\"@id\":\"https:\/\/www.digitalgroup.com\/ca\/#organization\",\"name\":\"Digital Group\",\"url\":\"https:\/\/www.digitalgroup.com\/ca\/\",\"logo\":{\"@type\":\"ImageObject\",\"inLanguage\":\"ca\",\"@id\":\"https:\/\/www.digitalgroup.com\/ca\/#\/schema\/logo\/image\/\",\"url\":\"https:\/\/www.digitalgroup.com\/wp-content\/uploads\/2023\/09\/Logo_color_negro.svg\",\"contentUrl\":\"https:\/\/www.digitalgroup.com\/wp-content\/uploads\/2023\/09\/Logo_color_negro.svg\",\"width\":100,\"height\":100,\"caption\":\"Digital Group\"},\"image\":{\"@id\":\"https:\/\/www.digitalgroup.com\/ca\/#\/schema\/logo\/image\/\"},\"sameAs\":[\"https:\/\/www.facebook.com\/profile.php?id=100057584914256\",\"https:\/\/x.com\/digitalgroup360\",\"https:\/\/www.instagram.com\/digitalgroup_es\/\",\"https:\/\/www.linkedin.com\/company\/digital-group-agencia\/mycompany\/verification\/\"]}]}<\/script>\n<!-- \/ Yoast SEO plugin. -->","yoast_head_json":{"title":"Agencia Mitj\u00e0 social - Gesti\u00f3 de Xarxes Socials | Digital Group","description":"Oferim serveis de gesti\u00f3 de Xarxes Socials estrat\u00e8gics. Creem contingut \u00fanic per a fidelizar a la teva audi\u00e8ncia i millorar el engagement.","robots":{"index":"noindex","follow":"nofollow"},"og_locale":"ca_ES","og_type":"article","og_title":"Agencia Mitj\u00e0 social - Gesti\u00f3 de Xarxes Socials | Digital Group","og_description":"Oferim serveis de gesti\u00f3 de Xarxes Socials estrat\u00e8gics. Creem contingut \u00fanic per a fidelizar a la teva audi\u00e8ncia i millorar el engagement.","og_url":"https:\/\/www.digitalgroup.com\/ca\/social-media\/","og_site_name":"Digital Group","article_publisher":"https:\/\/www.facebook.com\/profile.php?id=100057584914256","article_modified_time":"2024-09-20T08:55:43+00:00","twitter_card":"summary_large_image","twitter_site":"@digitalgroup360","twitter_misc":{"Temps estimat de lectura":"1 minut"},"schema":{"@context":"https:\/\/schema.org","@graph":[{"@type":"WebPage","@id":"https:\/\/www.digitalgroup.com\/ca\/social-media\/","url":"https:\/\/www.digitalgroup.com\/ca\/social-media\/","name":"Agencia Mitj\u00e0 social - Gesti\u00f3 de Xarxes Socials | Digital Group","isPartOf":{"@id":"https:\/\/www.digitalgroup.com\/ca\/#website"},"primaryImageOfPage":{"@id":"https:\/\/www.digitalgroup.com\/ca\/social-media\/#primaryimage"},"image":{"@id":"https:\/\/www.digitalgroup.com\/ca\/social-media\/#primaryimage"},"thumbnailUrl":"https:\/\/www.digitalgroup.com\/wp-content\/uploads\/2023\/10\/logo-grow-naranja.svg","datePublished":"2024-09-18T08:34:37+00:00","dateModified":"2024-09-20T08:55:43+00:00","description":"Oferim serveis de gesti\u00f3 de Xarxes Socials estrat\u00e8gics. Creem contingut \u00fanic per a fidelizar a la teva audi\u00e8ncia i millorar el engagement.","breadcrumb":{"@id":"https:\/\/www.digitalgroup.com\/ca\/social-media\/#breadcrumb"},"inLanguage":"ca","potentialAction":[{"@type":"ReadAction","target":["https:\/\/www.digitalgroup.com\/ca\/social-media\/"]}]},{"@type":"ImageObject","inLanguage":"ca","@id":"https:\/\/www.digitalgroup.com\/ca\/social-media\/#primaryimage","url":"https:\/\/www.digitalgroup.com\/wp-content\/uploads\/2023\/10\/logo-grow-naranja.svg","contentUrl":"https:\/\/www.digitalgroup.com\/wp-content\/uploads\/2023\/10\/logo-grow-naranja.svg","width":274,"height":300},{"@type":"BreadcrumbList","@id":"https:\/\/www.digitalgroup.com\/ca\/social-media\/#breadcrumb","itemListElement":[{"@type":"ListItem","position":1,"name":"Portada","item":"https:\/\/www.digitalgroup.com\/ca\/home\/"},{"@type":"ListItem","position":2,"name":"Social Media"}]},{"@type":"WebSite","@id":"https:\/\/www.digitalgroup.com\/ca\/#website","url":"https:\/\/www.digitalgroup.com\/ca\/","name":"Digital Group","description":"Som una ag\u00e8ncia especialitzada en anal\u00edtica web i digital. Tradu\u00efm les dades en informaci\u00f3 operativa per fer cr\u00e9ixer el teu negoci.","publisher":{"@id":"https:\/\/www.digitalgroup.com\/ca\/#organization"},"alternateName":"Digital Group","potentialAction":[{"@type":"SearchAction","target":{"@type":"EntryPoint","urlTemplate":"https:\/\/www.digitalgroup.com\/ca\/?s={search_term_string}"},"query-input":{"@type":"PropertyValueSpecification","valueRequired":true,"valueName":"search_term_string"}}],"inLanguage":"ca"},{"@type":"Organization","@id":"https:\/\/www.digitalgroup.com\/ca\/#organization","name":"Digital Group","url":"https:\/\/www.digitalgroup.com\/ca\/","logo":{"@type":"ImageObject","inLanguage":"ca","@id":"https:\/\/www.digitalgroup.com\/ca\/#\/schema\/logo\/image\/","url":"https:\/\/www.digitalgroup.com\/wp-content\/uploads\/2023\/09\/Logo_color_negro.svg","contentUrl":"https:\/\/www.digitalgroup.com\/wp-content\/uploads\/2023\/09\/Logo_color_negro.svg","width":100,"height":100,"caption":"Digital Group"},"image":{"@id":"https:\/\/www.digitalgroup.com\/ca\/#\/schema\/logo\/image\/"},"sameAs":["https:\/\/www.facebook.com\/profile.php?id=100057584914256","https:\/\/x.com\/digitalgroup360","https:\/\/www.instagram.com\/digitalgroup_es\/","https:\/\/www.linkedin.com\/company\/digital-group-agencia\/mycompany\/verification\/"]}]}},"_links":{"self":[{"href":"https:\/\/www.digitalgroup.com\/ca\/wp-json\/wp\/v2\/pages\/12663","targetHints":{"allow":["GET"]}}],"collection":[{"href":"https:\/\/www.digitalgroup.com\/ca\/wp-json\/wp\/v2\/pages"}],"about":[{"href":"https:\/\/www.digitalgroup.com\/ca\/wp-json\/wp\/v2\/types\/page"}],"author":[{"embeddable":true,"href":"https:\/\/www.digitalgroup.com\/ca\/wp-json\/wp\/v2\/users\/9"}],"replies":[{"embeddable":true,"href":"https:\/\/www.digitalgroup.com\/ca\/wp-json\/wp\/v2\/comments?post=12663"}],"version-history":[{"count":2,"href":"https:\/\/www.digitalgroup.com\/ca\/wp-json\/wp\/v2\/pages\/12663\/revisions"}],"predecessor-version":[{"id":12754,"href":"https:\/\/www.digitalgroup.com\/ca\/wp-json\/wp\/v2\/pages\/12663\/revisions\/12754"}],"wp:featuredmedia":[{"embeddable":true,"href":"https:\/\/www.digitalgroup.com\/ca\/wp-json\/wp\/v2\/media\/5053"}],"wp:attachment":[{"href":"https:\/\/www.digitalgroup.com\/ca\/wp-json\/wp\/v2\/media?parent=12663"}],"curies":[{"name":"wp","href":"https:\/\/api.w.org\/{rel}","templated":true}]}}