{"id":12927,"date":"2024-12-26T11:17:15","date_gmt":"2024-12-26T10:17:15","guid":{"rendered":"https:\/\/www.digitalgroup.com\/?page_id=12927"},"modified":"2025-04-04T10:38:03","modified_gmt":"2025-04-04T08:38:03","slug":"publicitat-offline","status":"publish","type":"page","link":"https:\/\/www.digitalgroup.com\/ca\/publicitat-offline\/","title":{"rendered":"Publicitat Offline"},"content":{"rendered":"","protected":false},"excerpt":{"rendered":"","protected":false},"author":9,"featured_media":0,"parent":0,"menu_order":0,"comment_status":"closed","ping_status":"closed","template":"page-templates\/servicios.php","meta":{"_acf_changed":false,"footnotes":""},"class_list":["post-12927","page","type-page","status-publish","hentry"],"acf":[],"yoast_head":"<!-- This site is optimized with the Yoast SEO plugin v25.6 - https:\/\/yoast.com\/wordpress\/plugins\/seo\/ -->\n<title>Ag\u00e8ncia Publicitat en Mitjans Tradicionals | Digital Group<\/title>\n<meta name=\"description\" content=\"Som una ag\u00e8ncia especialista en la creaci\u00f3 de campanyes de publicitat per a mitjans convencionals: televisi\u00f3, premsa, r\u00e0dio, etc.\" \/>\n<meta name=\"robots\" content=\"index, follow, max-snippet:-1, max-image-preview:large, max-video-preview:-1\" \/>\n<link rel=\"canonical\" href=\"https:\/\/www.digitalgroup.com\/ca\/publicitat-offline\/\" \/>\n<meta property=\"og:locale\" content=\"ca_ES\" \/>\n<meta property=\"og:type\" content=\"article\" \/>\n<meta property=\"og:title\" content=\"Ag\u00e8ncia Publicitat en Mitjans Tradicionals | Digital Group\" \/>\n<meta property=\"og:description\" content=\"Som una ag\u00e8ncia especialista en la creaci\u00f3 de campanyes de publicitat per a mitjans convencionals: televisi\u00f3, premsa, r\u00e0dio, etc.\" \/>\n<meta property=\"og:url\" content=\"https:\/\/www.digitalgroup.com\/ca\/publicitat-offline\/\" \/>\n<meta property=\"og:site_name\" content=\"Digital Group\" \/>\n<meta property=\"article:publisher\" content=\"https:\/\/www.facebook.com\/profile.php?id=100057584914256\" \/>\n<meta property=\"article:modified_time\" content=\"2025-04-04T08:38:03+00:00\" \/>\n<meta name=\"twitter:card\" content=\"summary_large_image\" \/>\n<meta name=\"twitter:site\" content=\"@digitalgroup360\" \/>\n<script type=\"application\/ld+json\" class=\"yoast-schema-graph\">{\"@context\":\"https:\/\/schema.org\",\"@graph\":[{\"@type\":\"WebPage\",\"@id\":\"https:\/\/www.digitalgroup.com\/ca\/publicitat-offline\/\",\"url\":\"https:\/\/www.digitalgroup.com\/ca\/publicitat-offline\/\",\"name\":\"Ag\u00e8ncia Publicitat en Mitjans Tradicionals | Digital Group\",\"isPartOf\":{\"@id\":\"https:\/\/www.digitalgroup.com\/ca\/#website\"},\"datePublished\":\"2024-12-26T10:17:15+00:00\",\"dateModified\":\"2025-04-04T08:38:03+00:00\",\"description\":\"Som una ag\u00e8ncia especialista en la creaci\u00f3 de campanyes de publicitat per a mitjans convencionals: televisi\u00f3, premsa, r\u00e0dio, etc.\",\"breadcrumb\":{\"@id\":\"https:\/\/www.digitalgroup.com\/ca\/publicitat-offline\/#breadcrumb\"},\"inLanguage\":\"ca\",\"potentialAction\":[{\"@type\":\"ReadAction\",\"target\":[\"https:\/\/www.digitalgroup.com\/ca\/publicitat-offline\/\"]}]},{\"@type\":\"BreadcrumbList\",\"@id\":\"https:\/\/www.digitalgroup.com\/ca\/publicitat-offline\/#breadcrumb\",\"itemListElement\":[{\"@type\":\"ListItem\",\"position\":1,\"name\":\"Portada\",\"item\":\"https:\/\/www.digitalgroup.com\/ca\/home\/\"},{\"@type\":\"ListItem\",\"position\":2,\"name\":\"Publicitat Offline\"}]},{\"@type\":\"WebSite\",\"@id\":\"https:\/\/www.digitalgroup.com\/ca\/#website\",\"url\":\"https:\/\/www.digitalgroup.com\/ca\/\",\"name\":\"Digital Group\",\"description\":\"Som una ag\u00e8ncia especialitzada en anal\u00edtica web i digital. Tradu\u00efm les dades en informaci\u00f3 operativa per fer cr\u00e9ixer el teu negoci.\",\"publisher\":{\"@id\":\"https:\/\/www.digitalgroup.com\/ca\/#organization\"},\"alternateName\":\"Digital Group\",\"potentialAction\":[{\"@type\":\"SearchAction\",\"target\":{\"@type\":\"EntryPoint\",\"urlTemplate\":\"https:\/\/www.digitalgroup.com\/ca\/?s={search_term_string}\"},\"query-input\":{\"@type\":\"PropertyValueSpecification\",\"valueRequired\":true,\"valueName\":\"search_term_string\"}}],\"inLanguage\":\"ca\"},{\"@type\":\"Organization\",\"@id\":\"https:\/\/www.digitalgroup.com\/ca\/#organization\",\"name\":\"Digital Group\",\"url\":\"https:\/\/www.digitalgroup.com\/ca\/\",\"logo\":{\"@type\":\"ImageObject\",\"inLanguage\":\"ca\",\"@id\":\"https:\/\/www.digitalgroup.com\/ca\/#\/schema\/logo\/image\/\",\"url\":\"https:\/\/www.digitalgroup.com\/wp-content\/uploads\/2023\/09\/Logo_color_negro.svg\",\"contentUrl\":\"https:\/\/www.digitalgroup.com\/wp-content\/uploads\/2023\/09\/Logo_color_negro.svg\",\"width\":100,\"height\":100,\"caption\":\"Digital Group\"},\"image\":{\"@id\":\"https:\/\/www.digitalgroup.com\/ca\/#\/schema\/logo\/image\/\"},\"sameAs\":[\"https:\/\/www.facebook.com\/profile.php?id=100057584914256\",\"https:\/\/x.com\/digitalgroup360\",\"https:\/\/www.instagram.com\/digitalgroup_es\/\",\"https:\/\/www.linkedin.com\/company\/digital-group-agencia\/mycompany\/verification\/\"]}]}<\/script>\n<!-- \/ Yoast SEO plugin. -->","yoast_head_json":{"title":"Ag\u00e8ncia Publicitat en Mitjans Tradicionals | Digital Group","description":"Som una ag\u00e8ncia especialista en la creaci\u00f3 de campanyes de publicitat per a mitjans convencionals: televisi\u00f3, premsa, r\u00e0dio, etc.","robots":{"index":"index","follow":"follow","max-snippet":"max-snippet:-1","max-image-preview":"max-image-preview:large","max-video-preview":"max-video-preview:-1"},"canonical":"https:\/\/www.digitalgroup.com\/ca\/publicitat-offline\/","og_locale":"ca_ES","og_type":"article","og_title":"Ag\u00e8ncia Publicitat en Mitjans Tradicionals | Digital Group","og_description":"Som una ag\u00e8ncia especialista en la creaci\u00f3 de campanyes de publicitat per a mitjans convencionals: televisi\u00f3, premsa, r\u00e0dio, etc.","og_url":"https:\/\/www.digitalgroup.com\/ca\/publicitat-offline\/","og_site_name":"Digital Group","article_publisher":"https:\/\/www.facebook.com\/profile.php?id=100057584914256","article_modified_time":"2025-04-04T08:38:03+00:00","twitter_card":"summary_large_image","twitter_site":"@digitalgroup360","schema":{"@context":"https:\/\/schema.org","@graph":[{"@type":"WebPage","@id":"https:\/\/www.digitalgroup.com\/ca\/publicitat-offline\/","url":"https:\/\/www.digitalgroup.com\/ca\/publicitat-offline\/","name":"Ag\u00e8ncia Publicitat en Mitjans Tradicionals | Digital Group","isPartOf":{"@id":"https:\/\/www.digitalgroup.com\/ca\/#website"},"datePublished":"2024-12-26T10:17:15+00:00","dateModified":"2025-04-04T08:38:03+00:00","description":"Som una ag\u00e8ncia especialista en la creaci\u00f3 de campanyes de publicitat per a mitjans convencionals: televisi\u00f3, premsa, r\u00e0dio, etc.","breadcrumb":{"@id":"https:\/\/www.digitalgroup.com\/ca\/publicitat-offline\/#breadcrumb"},"inLanguage":"ca","potentialAction":[{"@type":"ReadAction","target":["https:\/\/www.digitalgroup.com\/ca\/publicitat-offline\/"]}]},{"@type":"BreadcrumbList","@id":"https:\/\/www.digitalgroup.com\/ca\/publicitat-offline\/#breadcrumb","itemListElement":[{"@type":"ListItem","position":1,"name":"Portada","item":"https:\/\/www.digitalgroup.com\/ca\/home\/"},{"@type":"ListItem","position":2,"name":"Publicitat Offline"}]},{"@type":"WebSite","@id":"https:\/\/www.digitalgroup.com\/ca\/#website","url":"https:\/\/www.digitalgroup.com\/ca\/","name":"Digital Group","description":"Som una ag\u00e8ncia especialitzada en anal\u00edtica web i digital. Tradu\u00efm les dades en informaci\u00f3 operativa per fer cr\u00e9ixer el teu negoci.","publisher":{"@id":"https:\/\/www.digitalgroup.com\/ca\/#organization"},"alternateName":"Digital Group","potentialAction":[{"@type":"SearchAction","target":{"@type":"EntryPoint","urlTemplate":"https:\/\/www.digitalgroup.com\/ca\/?s={search_term_string}"},"query-input":{"@type":"PropertyValueSpecification","valueRequired":true,"valueName":"search_term_string"}}],"inLanguage":"ca"},{"@type":"Organization","@id":"https:\/\/www.digitalgroup.com\/ca\/#organization","name":"Digital Group","url":"https:\/\/www.digitalgroup.com\/ca\/","logo":{"@type":"ImageObject","inLanguage":"ca","@id":"https:\/\/www.digitalgroup.com\/ca\/#\/schema\/logo\/image\/","url":"https:\/\/www.digitalgroup.com\/wp-content\/uploads\/2023\/09\/Logo_color_negro.svg","contentUrl":"https:\/\/www.digitalgroup.com\/wp-content\/uploads\/2023\/09\/Logo_color_negro.svg","width":100,"height":100,"caption":"Digital Group"},"image":{"@id":"https:\/\/www.digitalgroup.com\/ca\/#\/schema\/logo\/image\/"},"sameAs":["https:\/\/www.facebook.com\/profile.php?id=100057584914256","https:\/\/x.com\/digitalgroup360","https:\/\/www.instagram.com\/digitalgroup_es\/","https:\/\/www.linkedin.com\/company\/digital-group-agencia\/mycompany\/verification\/"]}]}},"_links":{"self":[{"href":"https:\/\/www.digitalgroup.com\/ca\/wp-json\/wp\/v2\/pages\/12927","targetHints":{"allow":["GET"]}}],"collection":[{"href":"https:\/\/www.digitalgroup.com\/ca\/wp-json\/wp\/v2\/pages"}],"about":[{"href":"https:\/\/www.digitalgroup.com\/ca\/wp-json\/wp\/v2\/types\/page"}],"author":[{"embeddable":true,"href":"https:\/\/www.digitalgroup.com\/ca\/wp-json\/wp\/v2\/users\/9"}],"replies":[{"embeddable":true,"href":"https:\/\/www.digitalgroup.com\/ca\/wp-json\/wp\/v2\/comments?post=12927"}],"version-history":[{"count":2,"href":"https:\/\/www.digitalgroup.com\/ca\/wp-json\/wp\/v2\/pages\/12927\/revisions"}],"predecessor-version":[{"id":14354,"href":"https:\/\/www.digitalgroup.com\/ca\/wp-json\/wp\/v2\/pages\/12927\/revisions\/14354"}],"wp:attachment":[{"href":"https:\/\/www.digitalgroup.com\/ca\/wp-json\/wp\/v2\/media?parent=12927"}],"curies":[{"name":"wp","href":"https:\/\/api.w.org\/{rel}","templated":true}]}}