{"id":8247,"date":"2023-11-30T09:06:14","date_gmt":"2023-11-30T08:06:14","guid":{"rendered":"https:\/\/dev.digitalgroup.es\/politica-de-privacitat\/"},"modified":"2025-08-06T09:19:13","modified_gmt":"2025-08-06T07:19:13","slug":"politica-de-privacitat","status":"publish","type":"page","link":"https:\/\/www.digitalgroup.com\/ca\/politica-de-privacitat\/","title":{"rendered":"Pol\u00edtica de privacitat"},"content":{"rendered":"\t\t<div data-elementor-type=\"wp-page\" data-elementor-id=\"8247\" class=\"elementor elementor-8247 elementor-8231\" data-elementor-post-type=\"page\">\n\t\t\t\t<div class=\"elementor-element elementor-element-2c5b551 e-flex e-con-boxed e-con e-parent\" data-id=\"2c5b551\" data-element_type=\"container\">\n\t\t\t\t\t<div class=\"e-con-inner\">\n\t\t\t\t<div class=\"elementor-element elementor-element-8b0e9f6 elementor-widget__width-initial elementor-widget elementor-widget-image\" data-id=\"8b0e9f6\" data-element_type=\"widget\" data-widget_type=\"image.default\">\n\t\t\t\t<div class=\"elementor-widget-container\">\n\t\t\t\t\t\t\t\t\t\t\t\t\t\t\t<img decoding=\"async\" width=\"18\" height=\"14\" src=\"https:\/\/www.digitalgroup.com\/wp-content\/uploads\/2023\/09\/Triangulo.svg\" class=\"attachment-large size-large wp-image-4945\" alt=\"\" \/>\t\t\t\t\t\t\t\t\t\t\t\t\t\t\t<\/div>\n\t\t\t\t<\/div>\n\t\t\t\t<div class=\"elementor-element elementor-element-c01f177 elementor-widget elementor-widget-heading\" data-id=\"c01f177\" data-element_type=\"widget\" data-widget_type=\"heading.default\">\n\t\t\t\t<div class=\"elementor-widget-container\">\n\t\t\t\t\t<h1 class=\"elementor-heading-title elementor-size-xxl\">Pol\u00edtica de privacitat\n<\/h1>\t\t\t\t<\/div>\n\t\t\t\t<\/div>\n\t\t\t\t\t<\/div>\n\t\t\t\t<\/div>\n\t\t<div class=\"elementor-element elementor-element-f667dac e-flex e-con-boxed e-con e-parent\" data-id=\"f667dac\" data-element_type=\"container\">\n\t\t\t\t\t<div class=\"e-con-inner\">\n\t\t\t\t<div class=\"elementor-element elementor-element-6e51637 elementor-widget elementor-widget-text-editor\" data-id=\"6e51637\" data-element_type=\"widget\" data-widget_type=\"text-editor.default\">\n\t\t\t\t<div class=\"elementor-widget-container\">\n\t\t\t\t\t\t\t\t\t<h3><b>1. Qui \u00e9s el responsable del tractament de les vostres dades?<\/b><\/h3><p>El responsable del tractament de les seves dades personals \u00e9s DIGITAL GROUP Branch, SL, (d&#8217;ara endavant, \u201cDIGITAL GROUP\u201d), amb NIF B-85533321 i Carrer General Ram\u00edrez de Madrid 8, 4t, 28020, Madrid.<br \/>L&#8217;informem que la titularitat del Lloc web d&#8217;https:\/\/www.digitalgroup.com\/ (d&#8217;ara endavant, \u201cel Lloc web\u201d), \u00e9s de DIGITAL GROUP.<br \/>L&#8217;acc\u00e9s i\/o \u00fas del Lloc web, li atribueix la condici\u00f3 d&#8217;Usuari (d&#8217;ara endavant, l&#8217;\u00abUsuari\u00bb), i implica l&#8217;acceptaci\u00f3, des d&#8217;aquest acc\u00e9s i\/o \u00fas, de la present Pol\u00edtica de Privacitat.<br \/>L&#8217;Usuari podr\u00e0 contactar amb DIGITAL GROUP en la seg\u00fcent adre\u00e7a de correu electr\u00f2nic: info@digitalgroup.es<\/p><h3><strong>2. Per qu\u00e8 DIGITAL GROUP est\u00e0 legitimat per dur a terme el tractament de dades?<\/strong><\/h3><p>DIGITAL GROUP est\u00e0 legitimat per tractar les dades per poder dur a terme la prestaci\u00f3 dels seus serveis.<br \/>DIGITAL GROUP es pren molt seriosament la protecci\u00f3 de la seva privadesa i de les seves dades personals. Per tant, la seva informaci\u00f3 personal es conserva de manera segura i es tracta amb la m\u00e0xima cura.<br \/>Aquesta Pol\u00edtica de Privadesa regula l&#8217;acc\u00e9s i l&#8217;\u00fas al servei (d&#8217;ara endavant, el \u201cServei\u201d) que DIGITAL GROUP posa a disposici\u00f3 de l&#8217;Usuari interessat en els serveis i continguts allotjats al Lloc Web.<br \/>En aquest sentit, les bases de legitimaci\u00f3 utilitzades per DIGITAL GROUP per al tractament de les dades dels Usuaris s\u00f3n:<\/p><p>(i) El consentiment dels usuaris al tractament de les seves dades personals; i\/o<\/p><p>(ii) L&#8217;aplicaci\u00f3 a petici\u00f3 de l&#8217;usuari de mesures precontractuals o mantenir una relaci\u00f3 contractual.<\/p><p>Pel que fa a aquest punt (i), en relaci\u00f3 amb el consentiment, l&#8217;Usuari podr\u00e0 retirar el seu consentiment en qualsevol moment enviant un missatge a la seg\u00fcent adre\u00e7a de correu electr\u00f2nic: info@digitalgroup.es , sense que aix\u00f2 afecti la licitud tractament basat en el consentiment previ a la seva retirada.<\/p><h3><strong>3. Quines s\u00f3n les finalitats del tractament de les vostres dades de car\u00e0cter personal per part de DIGITAL GROUP?<\/strong><\/h3><p>Les seves dades de car\u00e0cter personal recaptats per DIGITAL GROUP podran ser utilitzats per a les seg\u00fcents finalitats, segons el consentiment atorgat en el formulari de registre corresponent:<\/p><p>(i) Atendre les sol\u00b7licituds d&#8217;informaci\u00f3 i\/o consultes efectuades per l&#8217;Usuari, b\u00e9 sigui a trav\u00e9s de la consulta remeti mitjan\u00e7ant el formulari de contacte oa trav\u00e9s del xat habilitat al Lloc Web;<\/p><p>(ii) Mantenir informat l&#8217;usuari, mitjan\u00e7ant la tramesa de comunicacions comercials per via electr\u00f2nica a trav\u00e9s de tel\u00e8fon, correu electr\u00f2nic, SMS\/MMS, o per altres mitjans equivalents, sobre els productes, serveis i novetats de DIGITAL GROUP.<\/p><p>(iii) En cas d&#8217;utilitzar la secci\u00f3 \u201ctreballa amb nosaltres\u201d, les dades facilitades per l&#8217;Usuari es tractaran per atendre la seva sol\u00b7licitud d&#8217;ocupaci\u00f3 i, si escau, permetre optar a un lloc de treball a DIGITAL GROUP.<\/p><p>(iv) Possibilitar la participaci\u00f3 de l&#8217;Usuari en les activitats proposades al Lloc Web, aix\u00ed com la desc\u00e0rrega de continguts gratu\u00efts oferts al mateix.<\/p><h3><strong>4. Destinataris.<\/strong><\/h3><p>Us informem que les dades de car\u00e0cter personal facilitades seran tractades \u00fanicament per part de DIGITAL GROUP sense que aquestes dades siguin objecte de cessi\u00f3 a terceres parts.<\/p><h3><strong>5. Veracitat de les dades facilitades pels usuaris i dades de menors.<\/strong><\/h3><p>L&#8217;Usuari garanteix que les dades personals facilitades s\u00f3n veraces i es fa responsable de comunicar a DIGITAL GROUP qualsevol modificaci\u00f3 d&#8217;aquestes dades.<\/p><p>L&#8217;Usuari respondr\u00e0, en qualsevol cas, de la veracitat de les dades facilitades, reservant-se DIGITAL GROUP el dret a excloure dels serveis registrats tot Usuari que hagi facilitat dades falses, sens perjudici de les altres accions que siguin procedents en Dret.<\/p><h3><strong>6. Conservaci\u00f3 de les dades.<\/strong><\/h3><p>La protecci\u00f3 de la privadesa i de les dades personals dels Usuaris \u00e9s molt important per a DIGITAL GROUP. Per tant, DIGITAL GROUP fa tot el possible per evitar que les dades de l&#8217;Usuari siguin utilitzades de manera inadequada. Nom\u00e9s el personal autoritzat t\u00e9 acc\u00e9s a les dades de l&#8217;usuari.<\/p><p>DIGITAL GROUP conservar\u00e0 les dades personals dels usuaris \u00fanicament durant el temps necessari per a la realitzaci\u00f3 de les finalitats per a les quals van ser recollides, mentre l&#8217;Usuari no revoqui la voluntat de donar-se de baixa dels serveis de DIGITAL GROUP.<\/p><p>Posteriorment, en cas que sigui necessari, DIGITAL GROUP mantindr\u00e0 la informaci\u00f3 bloquejada els terminis legalment establerts.<\/p><h3><strong>7. Drets de l&#8217;Usuari en relaci\u00f3 amb les vostres dades.<\/strong><\/h3><p>L&#8217;Usuari t\u00e9 dret a<br \/>(i) Accedir a les vostres dades personals.<\/p><p>(ii) Sol\u00b7licitar la rectificaci\u00f3 de les dades inexactes<\/p><p>(iii) Sol\u00b7licitar-ne la supressi\u00f3.<\/p><p>(iv) Sol\u00b7licitar la limitaci\u00f3 del tractament de les vostres dades.<\/p><p>(v) Oposar-se al tractament de les seves dades.<\/p><p>(vaig veure) Sol\u00b7licitar la seva portabilitat.<\/p><p>(vii) No ser objecte de decisions individuals automatitzades.<\/p><p>L&#8217;Usuari pot exercir tots aquests drets en la seg\u00fcent adre\u00e7a d&#8217;email info@digitalgroup.es indicant el motiu de la seva petici\u00f3 i aportant una c\u00f2pia del seu DNI<br \/>L&#8217;Usuari tamb\u00e9 pot enviar la seva petici\u00f3 per correu ordinari a la seg\u00fcent adre\u00e7a: Carrer General Ram\u00edrez de Madrid, 8. 4t, 28020, Madrid.<\/p><p>La comunicaci\u00f3 adre\u00e7ada a DIGITAL GROUP haur\u00e0 de contenir la seg\u00fcent informaci\u00f3:<\/p><p>\u2022 Nom i cognoms de l&#8217;Usuari; fotoc\u00f2pia del seu document nacional d&#8217;identitat, o del seu passaport o un altre document v\u00e0lid que l&#8217;identifiqui.<br \/>\u2022 Petici\u00f3 en qu\u00e8 es concreta la sol\u00b7licitud.<br \/>Sense perjudici de qualsevol altre recurs administratiu o acci\u00f3 judicial, l&#8217;Usuari tindr\u00e0 dret a presentar una reclamaci\u00f3 davant d&#8217;una Autoritat de Control, en particular a l&#8217;Estat membre on tingui la resid\u00e8ncia habitual, el lloc de treball o el lloc de la suposada infracci\u00f3, en cas que considereu que el tractament de les vostres dades personals no \u00e9s adequat a la normativa, aix\u00ed com en el cas de no veure satisfet l&#8217;exercici dels vostres drets. L&#8217;autoritat de control davant la qual s&#8217;hagi presentat la reclamaci\u00f3 informar\u00e0 el reclamant sobre el curs i el resultat de la reclamaci\u00f3.<\/p><h3><strong>8. Seguretat de les dades.<\/strong><\/h3><p>La protecci\u00f3 de la privadesa i les dades personals dels Usuaris \u00e9s molt important per a DIGITAL GROUP. Per tant, DIGITAL GROUP fa tot el que est\u00e0 a la m\u00e0 per impedir que les seves dades s&#8217;utilitzin de forma inadequada, permetent l&#8217;acc\u00e9s a aquest \u00fanicament a personal autoritzat.<\/p><p>DIGITAL GROUP mant\u00e9 els nivells de seguretat de protecci\u00f3 de dades personals d&#8217;acord amb la normativa aplicable i ha establert tots els mitjans t\u00e8cnics al seu abast per evitar la p\u00e8rdua, mal \u00fas, alteraci\u00f3, acc\u00e9s no autoritzat i robatori de les dades que l&#8217;Usuari faciliti a a trav\u00e9s del Lloc Web sense perjudici d&#8217;informar-vos que les mesures de seguretat a Internet no s\u00f3n inexpugnables.<\/p><p>DIGITAL GROUP es compromet a complir amb el deure de secret i confidencialitat respecte de les dades personals d&#8217;acord amb la legislaci\u00f3 aplicable, aix\u00ed com a conferir-los un tractament segur a les cessions i transfer\u00e8ncies internacionals de dades que, si escau, puguin produir-se.<\/p><h3><strong>9. Preguntes.<\/strong><\/h3><p>Si tenen alguna pregunta sobre aquesta Pol\u00edtica de Privacitat o el tractament de les seves dades preguem que es posi en contacte amb DIGITAL GROUP mitjan\u00e7ant correu electr\u00f2nic dirigit a la seg\u00fcent adre\u00e7a de correu electr\u00f2nic: info@digitalgroup.es<\/p><h3><strong>10. Acceptaci\u00f3 i consentiment.<\/strong><\/h3><p>L&#8217;Usuari declara haver estat informat de les condicions sobre protecci\u00f3 de dades personals, acceptant i consentint-ne el tractament per part de DIGITAL GROUP, en la forma i per a les finalitats indicades a la present Pol\u00edtica de Privadesa.<\/p><h2><span style=\"color: #489fb5;\"><strong>11. \u00das d&#8217;Imatge i WhatsApp<\/strong><\/span><\/h2><h3><span style=\"color: #ffa62b;\"><b>\u00das d\u2019imatges i material audiovisual<\/b>\u00a0<\/span><\/h3><p><span data-contrast=\"auto\">Durant alguns dels nostres esdeveniments presencials o virtuals, podrem fer fotografies o gravar v\u00eddeos amb finalitats informatives, promocionals o d&#8217;arxiu. Aquestes imatges podran ser utilitzades als nostres canals de comunicaci\u00f3 (lloc web, xarxes socials, butlletins, materials corporatius, etc.). En assistir a l&#8217;esdeveniment, el participant autoritza expressament l&#8217;\u00fas gratu\u00eft de la seva imatge, sense limitaci\u00f3 temporal ni territorial, per a les finalitats indicades. Si no desitja que la seva imatge sigui captada o publicada, podr\u00e0 comunicar-ho al personal de l&#8217;organitzaci\u00f3 en qualsevol moment o enviar un correu electr\u00f2nic a info@digitalgroup.es indicant la seva oposici\u00f3.<\/span><span data-ccp-props=\"{}\">\u00a0<\/span><\/p><h3><span style=\"color: #ffa62b;\"><b>Comunicacions per WhatsApp<\/b>\u00a0<\/span><\/h3><p><span data-contrast=\"auto\">Amb la finalitat d&#8217;agilitzar la comunicaci\u00f3 i oferir-li un millor servei, DIGITAL GROUP podr\u00e0 utilitzar l&#8217;aplicaci\u00f3 WhatsApp per enviar-li informaci\u00f3 relacionada amb la seva sol\u00b7licitud, inscripci\u00f3 a esdeveniments, recordatoris, materials descarregables o comunicacions comercials relacionades amb els nostres serveis. En facilitar-nos el seu n\u00famero de tel\u00e8fon i marcar la casella corresponent als nostres formularis, autoritza expressament la recepci\u00f3 de comunicacions per WhatsApp, d&#8217;acord amb el Reglament General de Protecci\u00f3 de Dades (RGPD) i la Llei de Serveis de la Societat de la Informaci\u00f3 i Comer\u00e7 Electr\u00f2nic (LSSI-CE). Podr\u00e0 retirar aquesta autoritzaci\u00f3 en qualsevol moment enviant la paraula &#8216;BAIXA&#8217; al mateix n\u00famero des del qual rep la comunicaci\u00f3 o escrivint a info@digitalgroup.es.<\/span><span data-ccp-props=\"{}\">\u00a0<\/span><\/p><p>\u00a0<\/p>\t\t\t\t\t\t\t\t<\/div>\n\t\t\t\t<\/div>\n\t\t\t\t\t<\/div>\n\t\t\t\t<\/div>\n\t\t\t\t<\/div>\n\t\t","protected":false},"excerpt":{"rendered":"<p>Pol\u00edtica de privacitat 1. Qui \u00e9s el responsable del tractament de les vostres dades? El responsable del tractament de les seves dades personals \u00e9s DIGITAL GROUP Branch, SL, (d&#8217;ara endavant, \u201cDIGITAL GROUP\u201d), amb NIF B-85533321 i Carrer General Ram\u00edrez de Madrid 8, 4t, 28020, Madrid.L&#8217;informem que la titularitat del Lloc web d&#8217;https:\/\/www.digitalgroup.com\/ (d&#8217;ara endavant, \u201cel [&hellip;]<\/p>\n","protected":false},"author":7,"featured_media":5053,"parent":0,"menu_order":0,"comment_status":"closed","ping_status":"closed","template":"","meta":{"_acf_changed":false,"footnotes":""},"class_list":["post-8247","page","type-page","status-publish","has-post-thumbnail","hentry"],"acf":[],"yoast_head":"<!-- This site is optimized with the Yoast SEO plugin v25.6 - https:\/\/yoast.com\/wordpress\/plugins\/seo\/ -->\n<title>Pol\u00edtica de privacitat | Digital Group<\/title>\n<meta name=\"description\" content=\"Descobreix com protegim les teves dades. Informaci\u00f3 clau sobre privacitat.\" \/>\n<meta name=\"robots\" content=\"index, follow, max-snippet:-1, max-image-preview:large, max-video-preview:-1\" \/>\n<link rel=\"canonical\" href=\"https:\/\/www.digitalgroup.com\/ca\/politica-de-privacitat\/\" \/>\n<meta property=\"og:locale\" content=\"ca_ES\" \/>\n<meta property=\"og:type\" content=\"article\" \/>\n<meta property=\"og:title\" content=\"Pol\u00edtica de privacitat | Digital Group\" \/>\n<meta property=\"og:description\" content=\"Descobreix com protegim les teves dades. Informaci\u00f3 clau sobre privacitat.\" \/>\n<meta property=\"og:url\" content=\"https:\/\/www.digitalgroup.com\/ca\/politica-de-privacitat\/\" \/>\n<meta property=\"og:site_name\" content=\"Digital Group\" \/>\n<meta property=\"article:publisher\" content=\"https:\/\/www.facebook.com\/profile.php?id=100057584914256\" \/>\n<meta property=\"article:modified_time\" content=\"2025-08-06T07:19:13+00:00\" \/>\n<meta name=\"twitter:card\" content=\"summary_large_image\" \/>\n<meta name=\"twitter:site\" content=\"@digitalgroup360\" \/>\n<meta name=\"twitter:label1\" content=\"Temps estimat de lectura\" \/>\n\t<meta name=\"twitter:data1\" content=\"8 minuts\" \/>\n<script type=\"application\/ld+json\" class=\"yoast-schema-graph\">{\"@context\":\"https:\/\/schema.org\",\"@graph\":[{\"@type\":\"WebPage\",\"@id\":\"https:\/\/www.digitalgroup.com\/ca\/politica-de-privacitat\/\",\"url\":\"https:\/\/www.digitalgroup.com\/ca\/politica-de-privacitat\/\",\"name\":\"Pol\u00edtica de privacitat | Digital Group\",\"isPartOf\":{\"@id\":\"https:\/\/www.digitalgroup.com\/ca\/#website\"},\"primaryImageOfPage\":{\"@id\":\"https:\/\/www.digitalgroup.com\/ca\/politica-de-privacitat\/#primaryimage\"},\"image\":{\"@id\":\"https:\/\/www.digitalgroup.com\/ca\/politica-de-privacitat\/#primaryimage\"},\"thumbnailUrl\":\"https:\/\/www.digitalgroup.com\/wp-content\/uploads\/2023\/10\/logo-grow-naranja.svg\",\"datePublished\":\"2023-11-30T08:06:14+00:00\",\"dateModified\":\"2025-08-06T07:19:13+00:00\",\"description\":\"Descobreix com protegim les teves dades. Informaci\u00f3 clau sobre privacitat.\",\"breadcrumb\":{\"@id\":\"https:\/\/www.digitalgroup.com\/ca\/politica-de-privacitat\/#breadcrumb\"},\"inLanguage\":\"ca\",\"potentialAction\":[{\"@type\":\"ReadAction\",\"target\":[\"https:\/\/www.digitalgroup.com\/ca\/politica-de-privacitat\/\"]}]},{\"@type\":\"ImageObject\",\"inLanguage\":\"ca\",\"@id\":\"https:\/\/www.digitalgroup.com\/ca\/politica-de-privacitat\/#primaryimage\",\"url\":\"https:\/\/www.digitalgroup.com\/wp-content\/uploads\/2023\/10\/logo-grow-naranja.svg\",\"contentUrl\":\"https:\/\/www.digitalgroup.com\/wp-content\/uploads\/2023\/10\/logo-grow-naranja.svg\",\"width\":274,\"height\":300},{\"@type\":\"BreadcrumbList\",\"@id\":\"https:\/\/www.digitalgroup.com\/ca\/politica-de-privacitat\/#breadcrumb\",\"itemListElement\":[{\"@type\":\"ListItem\",\"position\":1,\"name\":\"Portada\",\"item\":\"https:\/\/www.digitalgroup.com\/ca\/home\/\"},{\"@type\":\"ListItem\",\"position\":2,\"name\":\"Pol\u00edtica de privacitat\"}]},{\"@type\":\"WebSite\",\"@id\":\"https:\/\/www.digitalgroup.com\/ca\/#website\",\"url\":\"https:\/\/www.digitalgroup.com\/ca\/\",\"name\":\"Digital Group\",\"description\":\"Som una ag\u00e8ncia especialitzada en anal\u00edtica web i digital. Tradu\u00efm les dades en informaci\u00f3 operativa per fer cr\u00e9ixer el teu negoci.\",\"publisher\":{\"@id\":\"https:\/\/www.digitalgroup.com\/ca\/#organization\"},\"alternateName\":\"Digital Group\",\"potentialAction\":[{\"@type\":\"SearchAction\",\"target\":{\"@type\":\"EntryPoint\",\"urlTemplate\":\"https:\/\/www.digitalgroup.com\/ca\/?s={search_term_string}\"},\"query-input\":{\"@type\":\"PropertyValueSpecification\",\"valueRequired\":true,\"valueName\":\"search_term_string\"}}],\"inLanguage\":\"ca\"},{\"@type\":\"Organization\",\"@id\":\"https:\/\/www.digitalgroup.com\/ca\/#organization\",\"name\":\"Digital Group\",\"url\":\"https:\/\/www.digitalgroup.com\/ca\/\",\"logo\":{\"@type\":\"ImageObject\",\"inLanguage\":\"ca\",\"@id\":\"https:\/\/www.digitalgroup.com\/ca\/#\/schema\/logo\/image\/\",\"url\":\"https:\/\/www.digitalgroup.com\/wp-content\/uploads\/2023\/09\/Logo_color_negro.svg\",\"contentUrl\":\"https:\/\/www.digitalgroup.com\/wp-content\/uploads\/2023\/09\/Logo_color_negro.svg\",\"width\":100,\"height\":100,\"caption\":\"Digital Group\"},\"image\":{\"@id\":\"https:\/\/www.digitalgroup.com\/ca\/#\/schema\/logo\/image\/\"},\"sameAs\":[\"https:\/\/www.facebook.com\/profile.php?id=100057584914256\",\"https:\/\/x.com\/digitalgroup360\",\"https:\/\/www.instagram.com\/digitalgroup_es\/\",\"https:\/\/www.linkedin.com\/company\/digital-group-agencia\/mycompany\/verification\/\"]}]}<\/script>\n<!-- \/ Yoast SEO plugin. -->","yoast_head_json":{"title":"Pol\u00edtica de privacitat | Digital Group","description":"Descobreix com protegim les teves dades. Informaci\u00f3 clau sobre privacitat.","robots":{"index":"index","follow":"follow","max-snippet":"max-snippet:-1","max-image-preview":"max-image-preview:large","max-video-preview":"max-video-preview:-1"},"canonical":"https:\/\/www.digitalgroup.com\/ca\/politica-de-privacitat\/","og_locale":"ca_ES","og_type":"article","og_title":"Pol\u00edtica de privacitat | Digital Group","og_description":"Descobreix com protegim les teves dades. Informaci\u00f3 clau sobre privacitat.","og_url":"https:\/\/www.digitalgroup.com\/ca\/politica-de-privacitat\/","og_site_name":"Digital Group","article_publisher":"https:\/\/www.facebook.com\/profile.php?id=100057584914256","article_modified_time":"2025-08-06T07:19:13+00:00","twitter_card":"summary_large_image","twitter_site":"@digitalgroup360","twitter_misc":{"Temps estimat de lectura":"8 minuts"},"schema":{"@context":"https:\/\/schema.org","@graph":[{"@type":"WebPage","@id":"https:\/\/www.digitalgroup.com\/ca\/politica-de-privacitat\/","url":"https:\/\/www.digitalgroup.com\/ca\/politica-de-privacitat\/","name":"Pol\u00edtica de privacitat | Digital Group","isPartOf":{"@id":"https:\/\/www.digitalgroup.com\/ca\/#website"},"primaryImageOfPage":{"@id":"https:\/\/www.digitalgroup.com\/ca\/politica-de-privacitat\/#primaryimage"},"image":{"@id":"https:\/\/www.digitalgroup.com\/ca\/politica-de-privacitat\/#primaryimage"},"thumbnailUrl":"https:\/\/www.digitalgroup.com\/wp-content\/uploads\/2023\/10\/logo-grow-naranja.svg","datePublished":"2023-11-30T08:06:14+00:00","dateModified":"2025-08-06T07:19:13+00:00","description":"Descobreix com protegim les teves dades. Informaci\u00f3 clau sobre privacitat.","breadcrumb":{"@id":"https:\/\/www.digitalgroup.com\/ca\/politica-de-privacitat\/#breadcrumb"},"inLanguage":"ca","potentialAction":[{"@type":"ReadAction","target":["https:\/\/www.digitalgroup.com\/ca\/politica-de-privacitat\/"]}]},{"@type":"ImageObject","inLanguage":"ca","@id":"https:\/\/www.digitalgroup.com\/ca\/politica-de-privacitat\/#primaryimage","url":"https:\/\/www.digitalgroup.com\/wp-content\/uploads\/2023\/10\/logo-grow-naranja.svg","contentUrl":"https:\/\/www.digitalgroup.com\/wp-content\/uploads\/2023\/10\/logo-grow-naranja.svg","width":274,"height":300},{"@type":"BreadcrumbList","@id":"https:\/\/www.digitalgroup.com\/ca\/politica-de-privacitat\/#breadcrumb","itemListElement":[{"@type":"ListItem","position":1,"name":"Portada","item":"https:\/\/www.digitalgroup.com\/ca\/home\/"},{"@type":"ListItem","position":2,"name":"Pol\u00edtica de privacitat"}]},{"@type":"WebSite","@id":"https:\/\/www.digitalgroup.com\/ca\/#website","url":"https:\/\/www.digitalgroup.com\/ca\/","name":"Digital Group","description":"Som una ag\u00e8ncia especialitzada en anal\u00edtica web i digital. Tradu\u00efm les dades en informaci\u00f3 operativa per fer cr\u00e9ixer el teu negoci.","publisher":{"@id":"https:\/\/www.digitalgroup.com\/ca\/#organization"},"alternateName":"Digital Group","potentialAction":[{"@type":"SearchAction","target":{"@type":"EntryPoint","urlTemplate":"https:\/\/www.digitalgroup.com\/ca\/?s={search_term_string}"},"query-input":{"@type":"PropertyValueSpecification","valueRequired":true,"valueName":"search_term_string"}}],"inLanguage":"ca"},{"@type":"Organization","@id":"https:\/\/www.digitalgroup.com\/ca\/#organization","name":"Digital Group","url":"https:\/\/www.digitalgroup.com\/ca\/","logo":{"@type":"ImageObject","inLanguage":"ca","@id":"https:\/\/www.digitalgroup.com\/ca\/#\/schema\/logo\/image\/","url":"https:\/\/www.digitalgroup.com\/wp-content\/uploads\/2023\/09\/Logo_color_negro.svg","contentUrl":"https:\/\/www.digitalgroup.com\/wp-content\/uploads\/2023\/09\/Logo_color_negro.svg","width":100,"height":100,"caption":"Digital Group"},"image":{"@id":"https:\/\/www.digitalgroup.com\/ca\/#\/schema\/logo\/image\/"},"sameAs":["https:\/\/www.facebook.com\/profile.php?id=100057584914256","https:\/\/x.com\/digitalgroup360","https:\/\/www.instagram.com\/digitalgroup_es\/","https:\/\/www.linkedin.com\/company\/digital-group-agencia\/mycompany\/verification\/"]}]}},"_links":{"self":[{"href":"https:\/\/www.digitalgroup.com\/ca\/wp-json\/wp\/v2\/pages\/8247","targetHints":{"allow":["GET"]}}],"collection":[{"href":"https:\/\/www.digitalgroup.com\/ca\/wp-json\/wp\/v2\/pages"}],"about":[{"href":"https:\/\/www.digitalgroup.com\/ca\/wp-json\/wp\/v2\/types\/page"}],"author":[{"embeddable":true,"href":"https:\/\/www.digitalgroup.com\/ca\/wp-json\/wp\/v2\/users\/7"}],"replies":[{"embeddable":true,"href":"https:\/\/www.digitalgroup.com\/ca\/wp-json\/wp\/v2\/comments?post=8247"}],"version-history":[{"count":3,"href":"https:\/\/www.digitalgroup.com\/ca\/wp-json\/wp\/v2\/pages\/8247\/revisions"}],"predecessor-version":[{"id":14475,"href":"https:\/\/www.digitalgroup.com\/ca\/wp-json\/wp\/v2\/pages\/8247\/revisions\/14475"}],"wp:featuredmedia":[{"embeddable":true,"href":"https:\/\/www.digitalgroup.com\/ca\/wp-json\/wp\/v2\/media\/5053"}],"wp:attachment":[{"href":"https:\/\/www.digitalgroup.com\/ca\/wp-json\/wp\/v2\/media?parent=8247"}],"curies":[{"name":"wp","href":"https:\/\/api.w.org\/{rel}","templated":true}]}}