{"id":12702,"date":"2024-09-19T16:53:02","date_gmt":"2024-09-19T14:53:02","guid":{"rendered":"https:\/\/www.digitalgroup.com\/ecommerce-serv\/"},"modified":"2024-09-20T12:30:20","modified_gmt":"2024-09-20T10:30:20","slug":"marketplace-ecommerce","status":"publish","type":"page","link":"https:\/\/www.digitalgroup.com\/pt\/marketplace-ecommerce\/","title":{"rendered":"eCommerce"},"content":{"rendered":"","protected":false},"excerpt":{"rendered":"","protected":false},"author":9,"featured_media":0,"parent":0,"menu_order":0,"comment_status":"closed","ping_status":"closed","template":"page-templates\/servicios.php","meta":{"_acf_changed":false,"footnotes":""},"class_list":["post-12702","page","type-page","status-publish","hentry"],"acf":[],"yoast_head":"<!-- This site is optimized with the Yoast SEO plugin v25.6 - https:\/\/yoast.com\/wordpress\/plugins\/seo\/ -->\n<title>Agencia eCommerce - Expertos en Marketplaces | Digital Group<\/title>\n<meta name=\"description\" content=\"Una de las 3 agencias europeas en contar con el t\u00edtulo de &quot;Amazon Partner Reseller&quot;. Aumenta tus ventas en este y todos los marketplaces del mercado.\" \/>\n<meta name=\"robots\" content=\"index, follow, max-snippet:-1, max-image-preview:large, max-video-preview:-1\" \/>\n<link rel=\"canonical\" href=\"https:\/\/www.digitalgroup.com\/pt\/marketplace-ecommerce\/\" \/>\n<meta property=\"og:locale\" content=\"pt_PT\" \/>\n<meta property=\"og:type\" content=\"article\" \/>\n<meta property=\"og:title\" content=\"Agencia eCommerce - Expertos en Marketplaces | Digital Group\" \/>\n<meta property=\"og:description\" content=\"Una de las 3 agencias europeas en contar con el t\u00edtulo de &quot;Amazon Partner Reseller&quot;. Aumenta tus ventas en este y todos los marketplaces del mercado.\" \/>\n<meta property=\"og:url\" content=\"https:\/\/www.digitalgroup.com\/pt\/marketplace-ecommerce\/\" \/>\n<meta property=\"og:site_name\" content=\"Digital Group\" \/>\n<meta property=\"article:publisher\" content=\"https:\/\/www.facebook.com\/profile.php?id=100057584914256\" \/>\n<meta property=\"article:modified_time\" content=\"2024-09-20T10:30:20+00:00\" \/>\n<meta name=\"twitter:card\" content=\"summary_large_image\" \/>\n<meta name=\"twitter:site\" content=\"@digitalgroup360\" \/>\n<script type=\"application\/ld+json\" class=\"yoast-schema-graph\">{\"@context\":\"https:\/\/schema.org\",\"@graph\":[{\"@type\":\"WebPage\",\"@id\":\"https:\/\/www.digitalgroup.com\/pt\/marketplace-ecommerce\/\",\"url\":\"https:\/\/www.digitalgroup.com\/pt\/marketplace-ecommerce\/\",\"name\":\"Agencia eCommerce - Expertos en Marketplaces | Digital Group\",\"isPartOf\":{\"@id\":\"https:\/\/www.digitalgroup.com\/pt\/#website\"},\"datePublished\":\"2024-09-19T14:53:02+00:00\",\"dateModified\":\"2024-09-20T10:30:20+00:00\",\"description\":\"Una de las 3 agencias europeas en contar con el t\u00edtulo de \\\"Amazon Partner Reseller\\\". Aumenta tus ventas en este y todos los marketplaces del mercado.\",\"breadcrumb\":{\"@id\":\"https:\/\/www.digitalgroup.com\/pt\/marketplace-ecommerce\/#breadcrumb\"},\"inLanguage\":\"pt\",\"potentialAction\":[{\"@type\":\"ReadAction\",\"target\":[\"https:\/\/www.digitalgroup.com\/pt\/marketplace-ecommerce\/\"]}]},{\"@type\":\"BreadcrumbList\",\"@id\":\"https:\/\/www.digitalgroup.com\/pt\/marketplace-ecommerce\/#breadcrumb\",\"itemListElement\":[{\"@type\":\"ListItem\",\"position\":1,\"name\":\"Portada\",\"item\":\"https:\/\/www.digitalgroup.com\/pt\/home\/\"},{\"@type\":\"ListItem\",\"position\":2,\"name\":\"eCommerce\"}]},{\"@type\":\"WebSite\",\"@id\":\"https:\/\/www.digitalgroup.com\/pt\/#website\",\"url\":\"https:\/\/www.digitalgroup.com\/pt\/\",\"name\":\"Digital Group\",\"description\":\"Somos uma ag\u00eancia especializada em an\u00e1lise web e digital. Traduzimos dados em informa\u00e7\u00e3o operacional para expandir o seu neg\u00f3cio.\",\"publisher\":{\"@id\":\"https:\/\/www.digitalgroup.com\/pt\/#organization\"},\"alternateName\":\"Digital Group\",\"potentialAction\":[{\"@type\":\"SearchAction\",\"target\":{\"@type\":\"EntryPoint\",\"urlTemplate\":\"https:\/\/www.digitalgroup.com\/pt\/?s={search_term_string}\"},\"query-input\":{\"@type\":\"PropertyValueSpecification\",\"valueRequired\":true,\"valueName\":\"search_term_string\"}}],\"inLanguage\":\"pt\"},{\"@type\":\"Organization\",\"@id\":\"https:\/\/www.digitalgroup.com\/pt\/#organization\",\"name\":\"Digital Group\",\"url\":\"https:\/\/www.digitalgroup.com\/pt\/\",\"logo\":{\"@type\":\"ImageObject\",\"inLanguage\":\"pt\",\"@id\":\"https:\/\/www.digitalgroup.com\/pt\/#\/schema\/logo\/image\/\",\"url\":\"https:\/\/www.digitalgroup.com\/wp-content\/uploads\/2023\/09\/Logo_color_negro.svg\",\"contentUrl\":\"https:\/\/www.digitalgroup.com\/wp-content\/uploads\/2023\/09\/Logo_color_negro.svg\",\"width\":100,\"height\":100,\"caption\":\"Digital Group\"},\"image\":{\"@id\":\"https:\/\/www.digitalgroup.com\/pt\/#\/schema\/logo\/image\/\"},\"sameAs\":[\"https:\/\/www.facebook.com\/profile.php?id=100057584914256\",\"https:\/\/x.com\/digitalgroup360\",\"https:\/\/www.instagram.com\/digitalgroup_es\/\",\"https:\/\/www.linkedin.com\/company\/digital-group-agencia\/mycompany\/verification\/\"]}]}<\/script>\n<!-- \/ Yoast SEO plugin. -->","yoast_head_json":{"title":"Agencia eCommerce - Expertos en Marketplaces | Digital Group","description":"Una de las 3 agencias europeas en contar con el t\u00edtulo de \"Amazon Partner Reseller\". Aumenta tus ventas en este y todos los marketplaces del mercado.","robots":{"index":"index","follow":"follow","max-snippet":"max-snippet:-1","max-image-preview":"max-image-preview:large","max-video-preview":"max-video-preview:-1"},"canonical":"https:\/\/www.digitalgroup.com\/pt\/marketplace-ecommerce\/","og_locale":"pt_PT","og_type":"article","og_title":"Agencia eCommerce - Expertos en Marketplaces | Digital Group","og_description":"Una de las 3 agencias europeas en contar con el t\u00edtulo de \"Amazon Partner Reseller\". Aumenta tus ventas en este y todos los marketplaces del mercado.","og_url":"https:\/\/www.digitalgroup.com\/pt\/marketplace-ecommerce\/","og_site_name":"Digital Group","article_publisher":"https:\/\/www.facebook.com\/profile.php?id=100057584914256","article_modified_time":"2024-09-20T10:30:20+00:00","twitter_card":"summary_large_image","twitter_site":"@digitalgroup360","schema":{"@context":"https:\/\/schema.org","@graph":[{"@type":"WebPage","@id":"https:\/\/www.digitalgroup.com\/pt\/marketplace-ecommerce\/","url":"https:\/\/www.digitalgroup.com\/pt\/marketplace-ecommerce\/","name":"Agencia eCommerce - Expertos en Marketplaces | Digital Group","isPartOf":{"@id":"https:\/\/www.digitalgroup.com\/pt\/#website"},"datePublished":"2024-09-19T14:53:02+00:00","dateModified":"2024-09-20T10:30:20+00:00","description":"Una de las 3 agencias europeas en contar con el t\u00edtulo de \"Amazon Partner Reseller\". Aumenta tus ventas en este y todos los marketplaces del mercado.","breadcrumb":{"@id":"https:\/\/www.digitalgroup.com\/pt\/marketplace-ecommerce\/#breadcrumb"},"inLanguage":"pt","potentialAction":[{"@type":"ReadAction","target":["https:\/\/www.digitalgroup.com\/pt\/marketplace-ecommerce\/"]}]},{"@type":"BreadcrumbList","@id":"https:\/\/www.digitalgroup.com\/pt\/marketplace-ecommerce\/#breadcrumb","itemListElement":[{"@type":"ListItem","position":1,"name":"Portada","item":"https:\/\/www.digitalgroup.com\/pt\/home\/"},{"@type":"ListItem","position":2,"name":"eCommerce"}]},{"@type":"WebSite","@id":"https:\/\/www.digitalgroup.com\/pt\/#website","url":"https:\/\/www.digitalgroup.com\/pt\/","name":"Digital Group","description":"Somos uma ag\u00eancia especializada em an\u00e1lise web e digital. Traduzimos dados em informa\u00e7\u00e3o operacional para expandir o seu neg\u00f3cio.","publisher":{"@id":"https:\/\/www.digitalgroup.com\/pt\/#organization"},"alternateName":"Digital Group","potentialAction":[{"@type":"SearchAction","target":{"@type":"EntryPoint","urlTemplate":"https:\/\/www.digitalgroup.com\/pt\/?s={search_term_string}"},"query-input":{"@type":"PropertyValueSpecification","valueRequired":true,"valueName":"search_term_string"}}],"inLanguage":"pt"},{"@type":"Organization","@id":"https:\/\/www.digitalgroup.com\/pt\/#organization","name":"Digital Group","url":"https:\/\/www.digitalgroup.com\/pt\/","logo":{"@type":"ImageObject","inLanguage":"pt","@id":"https:\/\/www.digitalgroup.com\/pt\/#\/schema\/logo\/image\/","url":"https:\/\/www.digitalgroup.com\/wp-content\/uploads\/2023\/09\/Logo_color_negro.svg","contentUrl":"https:\/\/www.digitalgroup.com\/wp-content\/uploads\/2023\/09\/Logo_color_negro.svg","width":100,"height":100,"caption":"Digital Group"},"image":{"@id":"https:\/\/www.digitalgroup.com\/pt\/#\/schema\/logo\/image\/"},"sameAs":["https:\/\/www.facebook.com\/profile.php?id=100057584914256","https:\/\/x.com\/digitalgroup360","https:\/\/www.instagram.com\/digitalgroup_es\/","https:\/\/www.linkedin.com\/company\/digital-group-agencia\/mycompany\/verification\/"]}]}},"_links":{"self":[{"href":"https:\/\/www.digitalgroup.com\/pt\/wp-json\/wp\/v2\/pages\/12702","targetHints":{"allow":["GET"]}}],"collection":[{"href":"https:\/\/www.digitalgroup.com\/pt\/wp-json\/wp\/v2\/pages"}],"about":[{"href":"https:\/\/www.digitalgroup.com\/pt\/wp-json\/wp\/v2\/types\/page"}],"author":[{"embeddable":true,"href":"https:\/\/www.digitalgroup.com\/pt\/wp-json\/wp\/v2\/users\/9"}],"replies":[{"embeddable":true,"href":"https:\/\/www.digitalgroup.com\/pt\/wp-json\/wp\/v2\/comments?post=12702"}],"version-history":[{"count":1,"href":"https:\/\/www.digitalgroup.com\/pt\/wp-json\/wp\/v2\/pages\/12702\/revisions"}],"predecessor-version":[{"id":12704,"href":"https:\/\/www.digitalgroup.com\/pt\/wp-json\/wp\/v2\/pages\/12702\/revisions\/12704"}],"wp:attachment":[{"href":"https:\/\/www.digitalgroup.com\/pt\/wp-json\/wp\/v2\/media?parent=12702"}],"curies":[{"name":"wp","href":"https:\/\/api.w.org\/{rel}","templated":true}]}}