{"id":6416,"date":"2023-10-03T12:19:49","date_gmt":"2023-10-03T10:19:49","guid":{"rendered":"https:\/\/dev.digitalgroup.es\/legal-notice\/"},"modified":"2023-12-19T13:52:11","modified_gmt":"2023-12-19T12:52:11","slug":"legal-notice","status":"publish","type":"page","link":"https:\/\/www.digitalgroup.com\/pt\/legal-notice\/","title":{"rendered":"Aviso legal"},"content":{"rendered":"\t\t<div data-elementor-type=\"wp-page\" data-elementor-id=\"6416\" class=\"elementor elementor-6416 elementor-631\" data-elementor-post-type=\"page\">\n\t\t\t\t<div class=\"elementor-element elementor-element-f489e9e e-flex e-con-boxed e-con e-parent\" data-id=\"f489e9e\" data-element_type=\"container\">\n\t\t\t\t\t<div class=\"e-con-inner\">\n\t\t\t\t<div class=\"elementor-element elementor-element-c78d15f elementor-widget__width-initial elementor-widget elementor-widget-image\" data-id=\"c78d15f\" data-element_type=\"widget\" data-widget_type=\"image.default\">\n\t\t\t\t<div class=\"elementor-widget-container\">\n\t\t\t\t\t\t\t\t\t\t\t\t\t\t\t<img decoding=\"async\" width=\"18\" height=\"14\" src=\"https:\/\/www.digitalgroup.com\/wp-content\/uploads\/2023\/09\/Triangulo.svg\" class=\"attachment-large size-large wp-image-6245\" alt=\"\" \/>\t\t\t\t\t\t\t\t\t\t\t\t\t\t\t<\/div>\n\t\t\t\t<\/div>\n\t\t\t\t<div class=\"elementor-element elementor-element-e6f98c2 elementor-widget elementor-widget-heading\" data-id=\"e6f98c2\" data-element_type=\"widget\" data-widget_type=\"heading.default\">\n\t\t\t\t<div class=\"elementor-widget-container\">\n\t\t\t\t\t<h1 class=\"elementor-heading-title elementor-size-xxl\">Aviso legal<\/h1>\t\t\t\t<\/div>\n\t\t\t\t<\/div>\n\t\t\t\t\t<\/div>\n\t\t\t\t<\/div>\n\t\t<div class=\"elementor-element elementor-element-a72d806 e-flex e-con-boxed e-con e-parent\" data-id=\"a72d806\" data-element_type=\"container\">\n\t\t\t\t\t<div class=\"e-con-inner\">\n\t\t\t\t<div class=\"elementor-element elementor-element-f6e52af elementor-widget elementor-widget-text-editor\" data-id=\"f6e52af\" data-element_type=\"widget\" data-widget_type=\"text-editor.default\">\n\t\t\t\t<div class=\"elementor-widget-container\">\n\t\t\t\t\t\t\t\t\t<h2><b>Direito da informa\u00e7\u00e3o<\/b><\/h2>\n\nInformamos que este s\u00edtio Web https:\/\/www.digitalgroup.com\/ \u00e9 propriedade da DIGITAL GROUP Branch, S.L., (doravante, &#8220;DIGITAL GROUP&#8221;), com N.I.F. B-85533321 e sede social em Calle General Ram\u00edrez de Madrid 8, 4\u00ba, 28020, Madrid, inscrita no Registo Comercial de Madrid no Tomo 26073, F\u00f3lio 93, Folha M-469977, Inscri\u00e7\u00e3o 1, inscrita no Registo Comercial de Madrid.\nO acesso e\/ou a utiliza\u00e7\u00e3o do s\u00edtio Web confere a condi\u00e7\u00e3o de utilizador e aceita, a partir do referido acesso e\/ou utiliza\u00e7\u00e3o, o presente Aviso Legal.\nO utilizador (a seguir designado por &#8220;Utilizador&#8221;) pode contactar a DIGITAL GROUP atrav\u00e9s do seguinte endere\u00e7o eletr\u00f3nico: info@digitalgroup.es.\n\n<h2><b>2. Utiliza\u00e7\u00e3o do s\u00edtio Web<\/b><\/h2>\n\nO Utilizador assume a responsabilidade pela utiliza\u00e7\u00e3o do S\u00edtio Web. O S\u00edtio Web pode permitir o acesso a uma multiplicidade de textos, gr\u00e1ficos, desenhos, projectos, fotografias, conte\u00fados multim\u00e9dia e informa\u00e7\u00f5es (doravante, &#8220;Conte\u00fados&#8221;) pertencentes ao GRUPO DIGITAL ou a terceiros, aos quais o Utilizador pode ter acesso.\nO Utilizador compromete-se a fazer uma utiliza\u00e7\u00e3o adequada dos Conte\u00fados e dos servi\u00e7os oferecidos atrav\u00e9s do S\u00edtio Web e, a t\u00edtulo de exemplo, mas n\u00e3o exaustivo, a n\u00e3o os utilizar para\n\n(i) Realiza\u00e7\u00e3o de actividades il\u00edcitas, ilegais ou contr\u00e1rias \u00e0 boa f\u00e9 e \u00e0 ordem p\u00fablica.\n\n(ii) Causar danos aos sistemas f\u00edsicos e l\u00f3gicos do Site do GRUPO DIGITAL, de seus fornecedores ou de terceiros.\n\n(iii) Introduzir ou disseminar v\u00edrus inform\u00e1ticos ou quaisquer outros sistemas f\u00edsicos ou l\u00f3gicos suscept\u00edveis de causar os danos acima referidos.\n\n(iv) Tentar aceder, utilizar e\/ou manipular os dados de terceiros fornecedores do GRUPO DIGITAL e de outros utilizadores.\n\n(v) Reproduzir ou copiar, distribuir, permitir o acesso p\u00fablico atrav\u00e9s de qualquer forma de comunica\u00e7\u00e3o p\u00fablica, transformar ou modificar os Conte\u00fados, exceto se autorizado pelo GRUPO DIGITAL.\n\n(vi) Eliminar, ocultar ou manipular os Conte\u00fados sujeitos a direitos de propriedade intelectual ou industrial e outros dados identificativos dos referidos direitos do GRUPO DIGITAL ou de terceiros inclu\u00eddos nos Conte\u00fados, bem como os dispositivos t\u00e9cnicos de prote\u00e7\u00e3o ou quaisquer mecanismos de informa\u00e7\u00e3o que possam estar inclu\u00eddos nos Conte\u00fados.\n\nO GRUPO DIGITAL adverte que os materiais contidos neste s\u00edtio Web foram inclu\u00eddos apenas para fins informativos e s\u00e3o, portanto, insuficientes para tomar decis\u00f5es ou assumir posi\u00e7\u00f5es num caso espec\u00edfico.\n\nO Utilizador deve estar ciente de que os materiais contidos neste s\u00edtio Web podem n\u00e3o refletir o estado mais recente da legisla\u00e7\u00e3o ou da jurisprud\u00eancia sobre as quest\u00f5es discutidas. Al\u00e9m disso, estes materiais podem ser modificados, desenvolvidos ou actualizados sem notifica\u00e7\u00e3o pr\u00e9via.\n\nO GRUPO DIGITAL tem o direito de investigar e denunciar qualquer uma das condutas acima referidas, nos termos da lei, bem como de cooperar com as autoridades na investiga\u00e7\u00e3o de tais ac\u00e7\u00f5es.\n\nO GRUPO DIGITAL pode suspender temporariamente o acesso ao Website para opera\u00e7\u00f5es de manuten\u00e7\u00e3o, repara\u00e7\u00e3o, atualiza\u00e7\u00e3o ou melhoramento, sem aviso pr\u00e9vio. No entanto, sempre que as circunst\u00e2ncias o permitam, o GRUPO DIGITAL informar\u00e1 o Utilizador, com a devida anteced\u00eancia, da data prevista para a suspens\u00e3o dos servi\u00e7os.\n\nA GRUPO DIGITAL n\u00e3o se responsabiliza pela utiliza\u00e7\u00e3o que os Utilizadores possam fazer dos Conte\u00fados inclu\u00eddos no S\u00edtio Web.\n\n<h2><b>3. Propriedade intelectual e industrial<\/b><\/h2>\n\nTodos os direitos de propriedade intelectual do conte\u00fado do S\u00edtio Web e do seu design gr\u00e1fico s\u00e3o propriedade exclusiva da DIGITAL GROUP, ou de um terceiro que tenha autorizado a utiliza\u00e7\u00e3o dos mesmos, pelo que a DIGITAL GROUP \u00e9 a propriet\u00e1ria exclusiva dos direitos de explora\u00e7\u00e3o dos mesmos. Por conseguinte, e em virtude do disposto na legisla\u00e7\u00e3o aplic\u00e1vel em mat\u00e9ria de Direitos de Propriedade Intelectual e Industrial, o GRUPO DIGITAL n\u00e3o concede qualquer licen\u00e7a ou autoriza\u00e7\u00e3o de utiliza\u00e7\u00e3o de qualquer tipo sobre os seus direitos de propriedade intelectual e industrial ou sobre qualquer outro bem ou direito relacionado com o S\u00edtio Web, os servi\u00e7os ou os Conte\u00fados do mesmo.\n\nA reprodu\u00e7\u00e3o e o armazenamento tempor\u00e1rio do conte\u00fado do s\u00edtio Web s\u00e3o permitidos na medida do estritamente necess\u00e1rio para a utiliza\u00e7\u00e3o e visualiza\u00e7\u00e3o do s\u00edtio Web a partir de um computador pessoal.\n\n<h2><b>4. Responsabilidade e garantias<\/b><\/h2>\n\nO GRUPO DIGITAL declara ter adotado as medidas necess\u00e1rias que, dentro das suas possibilidades e do estado da tecnologia, permitem o correto funcionamento do seu S\u00edtio Web, bem como a aus\u00eancia de v\u00edrus e componentes nocivos. No entanto, a DIGITAL GROUP n\u00e3o pode ser responsabilizada por:\n\n(i) A continuidade e disponibilidade do Conte\u00fado e dos servi\u00e7os.\n\n(ii) A aus\u00eancia de erros nos referidos Conte\u00fados ou a corre\u00e7\u00e3o de quaisquer defeitos que possam ocorrer.\n\n(iii) A aus\u00eancia de v\u00edrus e\/ou outros componentes nocivos.\n\n(iv) Danos causados por qualquer pessoa que viole os sistemas de seguran\u00e7a do GRUPO DIGITAL.\n\nAs contribui\u00e7\u00f5es que se encontram nestas p\u00e1ginas t\u00eam um car\u00e1cter meramente informativo. A DIGITAL GROUP n\u00e3o garante a exaustividade, corre\u00e7\u00e3o e atualidade dos seus conte\u00fados. Por conseguinte, n\u00e3o s\u00e3o v\u00e1lidas como aconselhamento jur\u00eddico concreto em casos individuais. As rela\u00e7\u00f5es obrigat\u00f3rias s\u00f3 t\u00eam lugar ap\u00f3s confirma\u00e7\u00e3o escrita.\n\nA DIGITAL GROUP n\u00e3o assume qualquer responsabilidade pelos links para outros websites que se encontrem no Website e podem encaminhar o utilizador para outros websites sobre os quais a DIGITAL GROUP n\u00e3o tem qualquer controlo, pelo que a inclus\u00e3o de links para outros websites n\u00e3o implica a aprova\u00e7\u00e3o dos seus conte\u00fados pela DIGITAL GROUP ou a exist\u00eancia de qualquer associa\u00e7\u00e3o entre a DIGITAL GROUP e os seus propriet\u00e1rios. Por conseguinte, o Utilizador acede aos Conte\u00fados e \u00e0s condi\u00e7\u00f5es de utiliza\u00e7\u00e3o que os regem sob a sua exclusiva responsabilidade.\n\n<h2><b>5. Dura\u00e7\u00e3o e modifica\u00e7\u00e3o<\/b><\/h2>\n\nO presente Aviso Legal vigorar\u00e1 por tempo indeterminado, podendo o GRUPO DIGITAL efetuar altera\u00e7\u00f5es \u00e0s condi\u00e7\u00f5es aqui especificadas, as quais entrar\u00e3o em vigor a partir do momento da sua publica\u00e7\u00e3o.\n\nO GRUPO DIGITAL poder\u00e1 suprimir, acrescentar ou modificar tanto os Conte\u00fados como os servi\u00e7os que presta, bem como a forma como estes se encontram localizados ou apresentados. Entende-se que est\u00e3o em vigor as condi\u00e7\u00f5es publicadas no momento em que o Utilizador acede ao Website do GRUPO DIGITAL.\n\nO acesso e\/ou a utiliza\u00e7\u00e3o do s\u00edtio Web ser\u00e1 entendido como a aceita\u00e7\u00e3o pelo Utilizador do presente Aviso Legal e das suas condi\u00e7\u00f5es e, se for caso disso, das altera\u00e7\u00f5es que lhes sejam introduzidas.\n\n<h2><b>6. Hiperliga\u00e7\u00f5es<\/b><\/h2>\n\nNo caso de o site da GRUPO DIGITAL conter liga\u00e7\u00f5es ou hiperliga\u00e7\u00f5es para outros sites da Internet, a GRUPO DIGITAL n\u00e3o exercer\u00e1 qualquer controlo sobre esses sites e conte\u00fados. Em caso algum o GRUPO DIGITAL assumir\u00e1 qualquer responsabilidade pelo conte\u00fado de qualquer liga\u00e7\u00e3o pertencente a um s\u00edtio Web externo, nem garantir\u00e1 a disponibilidade t\u00e9cnica, qualidade, fiabilidade, exatid\u00e3o, abrang\u00eancia, exatid\u00e3o, veracidade, validade e constitucionalidade de qualquer material ou informa\u00e7\u00e3o contida em qualquer dessas hiperliga\u00e7\u00f5es ou outros s\u00edtios da Internet.\n\nDe igual modo, a inclus\u00e3o destas liga\u00e7\u00f5es externas n\u00e3o implica qualquer tipo de associa\u00e7\u00e3o, fus\u00e3o ou participa\u00e7\u00e3o com as entidades ligadas.\n\n<h2><b>7. Prote\u00e7\u00e3o e interpreta\u00e7\u00e3o<\/b><\/h2>\n\nO presente Aviso Legal constitui um acordo entre cada um dos Utilizadores e a DIGITAL GROUP.\n\nSe a autoridade competente declarar que uma disposi\u00e7\u00e3o \u00e9 ilegal, inv\u00e1lida ou inaplic\u00e1vel, essa declara\u00e7\u00e3o relativa a uma ou mais cl\u00e1usulas n\u00e3o prejudica a validade das outras cl\u00e1usulas.\n\nO facto de o GRUPO DIGITAL n\u00e3o exigir o cumprimento estrito de qualquer uma das disposi\u00e7\u00f5es do presente Aviso Legal n\u00e3o constitui nem pode ser interpretado de forma alguma como uma ren\u00fancia da sua parte a exigir o cumprimento estrito no futuro.\n\n<h2><b>8. Informa\u00e7\u00f5es de car\u00e1cter geral<\/b><\/h2>\n\nO GRUPO DIGITAL perseguir\u00e1 o incumprimento do presente Aviso Legal, bem como qualquer utiliza\u00e7\u00e3o indevida do seu portal, exercendo todas as ac\u00e7\u00f5es civis e penais que lhe possam corresponder por lei.\n\n<h2><b>9. Notifica\u00e7\u00f5es<\/b><\/h2>\n\nO GRUPO DIGITAL poder\u00e1 efetuar as comunica\u00e7\u00f5es adequadas atrav\u00e9s do endere\u00e7o de correio eletr\u00f3nico fornecido pelos utilizadores nos formul\u00e1rios de registo ou atrav\u00e9s de qualquer outro meio previsto nos dados de contacto do utilizador.\t\t\t\t\t\t\t\t<\/div>\n\t\t\t\t<\/div>\n\t\t\t\t\t<\/div>\n\t\t\t\t<\/div>\n\t\t\t\t<\/div>\n\t\t","protected":false},"excerpt":{"rendered":"<p>Aviso legal Direito da informa\u00e7\u00e3o Informamos que este s\u00edtio Web https:\/\/www.digitalgroup.com\/ \u00e9 propriedade da DIGITAL GROUP Branch, S.L., (doravante, &#8220;DIGITAL GROUP&#8221;), com N.I.F. B-85533321 e sede social em Calle General Ram\u00edrez de Madrid 8, 4\u00ba, 28020, Madrid, inscrita no Registo Comercial de Madrid no Tomo 26073, F\u00f3lio 93, Folha M-469977, Inscri\u00e7\u00e3o 1, inscrita no Registo [&hellip;]<\/p>\n","protected":false},"author":7,"featured_media":0,"parent":0,"menu_order":0,"comment_status":"closed","ping_status":"closed","template":"","meta":{"_acf_changed":false,"footnotes":""},"class_list":["post-6416","page","type-page","status-publish","hentry"],"acf":[],"yoast_head":"<!-- This site is optimized with the Yoast SEO plugin v25.6 - https:\/\/yoast.com\/wordpress\/plugins\/seo\/ -->\n<title>Aviso legal | Digital Group<\/title>\n<meta name=\"description\" content=\"Aviso legal que especifica os termos e condi\u00e7\u00f5es. Compreender os seus direitos e responsabilidades. Informa\u00e7\u00f5es jur\u00eddicas fi\u00e1veis na ponta dos dedos.\" \/>\n<meta name=\"robots\" content=\"index, follow, max-snippet:-1, max-image-preview:large, max-video-preview:-1\" \/>\n<link rel=\"canonical\" href=\"https:\/\/www.digitalgroup.com\/pt\/legal-notice\/\" \/>\n<meta property=\"og:locale\" content=\"pt_PT\" \/>\n<meta property=\"og:type\" content=\"article\" \/>\n<meta property=\"og:title\" content=\"Aviso legal | Digital Group\" \/>\n<meta property=\"og:description\" content=\"Aviso legal que especifica os termos e condi\u00e7\u00f5es. Compreender os seus direitos e responsabilidades. Informa\u00e7\u00f5es jur\u00eddicas fi\u00e1veis na ponta dos dedos.\" \/>\n<meta property=\"og:url\" content=\"https:\/\/www.digitalgroup.com\/pt\/legal-notice\/\" \/>\n<meta property=\"og:site_name\" content=\"Digital Group\" \/>\n<meta property=\"article:publisher\" content=\"https:\/\/www.facebook.com\/profile.php?id=100057584914256\" \/>\n<meta property=\"article:modified_time\" content=\"2023-12-19T12:52:11+00:00\" \/>\n<meta property=\"og:image\" content=\"https:\/\/www.digitalgroup.com\/wp-content\/uploads\/2023\/09\/Triangulo.svg\" \/>\n<meta name=\"twitter:card\" content=\"summary_large_image\" \/>\n<meta name=\"twitter:site\" content=\"@digitalgroup360\" \/>\n<meta name=\"twitter:label1\" content=\"Est. reading time\" \/>\n\t<meta name=\"twitter:data1\" content=\"8 minutes\" \/>\n<script type=\"application\/ld+json\" class=\"yoast-schema-graph\">{\"@context\":\"https:\/\/schema.org\",\"@graph\":[{\"@type\":\"WebPage\",\"@id\":\"https:\/\/www.digitalgroup.com\/pt\/legal-notice\/\",\"url\":\"https:\/\/www.digitalgroup.com\/pt\/legal-notice\/\",\"name\":\"Aviso legal | Digital Group\",\"isPartOf\":{\"@id\":\"https:\/\/www.digitalgroup.com\/pt\/#website\"},\"primaryImageOfPage\":{\"@id\":\"https:\/\/www.digitalgroup.com\/pt\/legal-notice\/#primaryimage\"},\"image\":{\"@id\":\"https:\/\/www.digitalgroup.com\/pt\/legal-notice\/#primaryimage\"},\"thumbnailUrl\":\"https:\/\/www.digitalgroup.com\/wp-content\/uploads\/2023\/09\/Triangulo.svg\",\"datePublished\":\"2023-10-03T10:19:49+00:00\",\"dateModified\":\"2023-12-19T12:52:11+00:00\",\"description\":\"Aviso legal que especifica os termos e condi\u00e7\u00f5es. Compreender os seus direitos e responsabilidades. Informa\u00e7\u00f5es jur\u00eddicas fi\u00e1veis na ponta dos dedos.\",\"breadcrumb\":{\"@id\":\"https:\/\/www.digitalgroup.com\/pt\/legal-notice\/#breadcrumb\"},\"inLanguage\":\"pt\",\"potentialAction\":[{\"@type\":\"ReadAction\",\"target\":[\"https:\/\/www.digitalgroup.com\/pt\/legal-notice\/\"]}]},{\"@type\":\"ImageObject\",\"inLanguage\":\"pt\",\"@id\":\"https:\/\/www.digitalgroup.com\/pt\/legal-notice\/#primaryimage\",\"url\":\"https:\/\/www.digitalgroup.com\/wp-content\/uploads\/2023\/09\/Triangulo.svg\",\"contentUrl\":\"https:\/\/www.digitalgroup.com\/wp-content\/uploads\/2023\/09\/Triangulo.svg\"},{\"@type\":\"BreadcrumbList\",\"@id\":\"https:\/\/www.digitalgroup.com\/pt\/legal-notice\/#breadcrumb\",\"itemListElement\":[{\"@type\":\"ListItem\",\"position\":1,\"name\":\"Portada\",\"item\":\"https:\/\/www.digitalgroup.com\/pt\/home\/\"},{\"@type\":\"ListItem\",\"position\":2,\"name\":\"Aviso legal\"}]},{\"@type\":\"WebSite\",\"@id\":\"https:\/\/www.digitalgroup.com\/pt\/#website\",\"url\":\"https:\/\/www.digitalgroup.com\/pt\/\",\"name\":\"Digital Group\",\"description\":\"Somos uma ag\u00eancia especializada em an\u00e1lise web e digital. Traduzimos dados em informa\u00e7\u00e3o operacional para expandir o seu neg\u00f3cio.\",\"publisher\":{\"@id\":\"https:\/\/www.digitalgroup.com\/pt\/#organization\"},\"alternateName\":\"Digital Group\",\"potentialAction\":[{\"@type\":\"SearchAction\",\"target\":{\"@type\":\"EntryPoint\",\"urlTemplate\":\"https:\/\/www.digitalgroup.com\/pt\/?s={search_term_string}\"},\"query-input\":{\"@type\":\"PropertyValueSpecification\",\"valueRequired\":true,\"valueName\":\"search_term_string\"}}],\"inLanguage\":\"pt\"},{\"@type\":\"Organization\",\"@id\":\"https:\/\/www.digitalgroup.com\/pt\/#organization\",\"name\":\"Digital Group\",\"url\":\"https:\/\/www.digitalgroup.com\/pt\/\",\"logo\":{\"@type\":\"ImageObject\",\"inLanguage\":\"pt\",\"@id\":\"https:\/\/www.digitalgroup.com\/pt\/#\/schema\/logo\/image\/\",\"url\":\"https:\/\/www.digitalgroup.com\/wp-content\/uploads\/2023\/09\/Logo_color_negro.svg\",\"contentUrl\":\"https:\/\/www.digitalgroup.com\/wp-content\/uploads\/2023\/09\/Logo_color_negro.svg\",\"width\":100,\"height\":100,\"caption\":\"Digital Group\"},\"image\":{\"@id\":\"https:\/\/www.digitalgroup.com\/pt\/#\/schema\/logo\/image\/\"},\"sameAs\":[\"https:\/\/www.facebook.com\/profile.php?id=100057584914256\",\"https:\/\/x.com\/digitalgroup360\",\"https:\/\/www.instagram.com\/digitalgroup_es\/\",\"https:\/\/www.linkedin.com\/company\/digital-group-agencia\/mycompany\/verification\/\"]}]}<\/script>\n<!-- \/ Yoast SEO plugin. -->","yoast_head_json":{"title":"Aviso legal | Digital Group","description":"Aviso legal que especifica os termos e condi\u00e7\u00f5es. Compreender os seus direitos e responsabilidades. Informa\u00e7\u00f5es jur\u00eddicas fi\u00e1veis na ponta dos dedos.","robots":{"index":"index","follow":"follow","max-snippet":"max-snippet:-1","max-image-preview":"max-image-preview:large","max-video-preview":"max-video-preview:-1"},"canonical":"https:\/\/www.digitalgroup.com\/pt\/legal-notice\/","og_locale":"pt_PT","og_type":"article","og_title":"Aviso legal | Digital Group","og_description":"Aviso legal que especifica os termos e condi\u00e7\u00f5es. Compreender os seus direitos e responsabilidades. Informa\u00e7\u00f5es jur\u00eddicas fi\u00e1veis na ponta dos dedos.","og_url":"https:\/\/www.digitalgroup.com\/pt\/legal-notice\/","og_site_name":"Digital Group","article_publisher":"https:\/\/www.facebook.com\/profile.php?id=100057584914256","article_modified_time":"2023-12-19T12:52:11+00:00","og_image":[{"url":"https:\/\/www.digitalgroup.com\/wp-content\/uploads\/2023\/09\/Triangulo.svg","type":"","width":"","height":""}],"twitter_card":"summary_large_image","twitter_site":"@digitalgroup360","twitter_misc":{"Est. reading time":"8 minutes"},"schema":{"@context":"https:\/\/schema.org","@graph":[{"@type":"WebPage","@id":"https:\/\/www.digitalgroup.com\/pt\/legal-notice\/","url":"https:\/\/www.digitalgroup.com\/pt\/legal-notice\/","name":"Aviso legal | Digital Group","isPartOf":{"@id":"https:\/\/www.digitalgroup.com\/pt\/#website"},"primaryImageOfPage":{"@id":"https:\/\/www.digitalgroup.com\/pt\/legal-notice\/#primaryimage"},"image":{"@id":"https:\/\/www.digitalgroup.com\/pt\/legal-notice\/#primaryimage"},"thumbnailUrl":"https:\/\/www.digitalgroup.com\/wp-content\/uploads\/2023\/09\/Triangulo.svg","datePublished":"2023-10-03T10:19:49+00:00","dateModified":"2023-12-19T12:52:11+00:00","description":"Aviso legal que especifica os termos e condi\u00e7\u00f5es. Compreender os seus direitos e responsabilidades. Informa\u00e7\u00f5es jur\u00eddicas fi\u00e1veis na ponta dos dedos.","breadcrumb":{"@id":"https:\/\/www.digitalgroup.com\/pt\/legal-notice\/#breadcrumb"},"inLanguage":"pt","potentialAction":[{"@type":"ReadAction","target":["https:\/\/www.digitalgroup.com\/pt\/legal-notice\/"]}]},{"@type":"ImageObject","inLanguage":"pt","@id":"https:\/\/www.digitalgroup.com\/pt\/legal-notice\/#primaryimage","url":"https:\/\/www.digitalgroup.com\/wp-content\/uploads\/2023\/09\/Triangulo.svg","contentUrl":"https:\/\/www.digitalgroup.com\/wp-content\/uploads\/2023\/09\/Triangulo.svg"},{"@type":"BreadcrumbList","@id":"https:\/\/www.digitalgroup.com\/pt\/legal-notice\/#breadcrumb","itemListElement":[{"@type":"ListItem","position":1,"name":"Portada","item":"https:\/\/www.digitalgroup.com\/pt\/home\/"},{"@type":"ListItem","position":2,"name":"Aviso legal"}]},{"@type":"WebSite","@id":"https:\/\/www.digitalgroup.com\/pt\/#website","url":"https:\/\/www.digitalgroup.com\/pt\/","name":"Digital Group","description":"Somos uma ag\u00eancia especializada em an\u00e1lise web e digital. Traduzimos dados em informa\u00e7\u00e3o operacional para expandir o seu neg\u00f3cio.","publisher":{"@id":"https:\/\/www.digitalgroup.com\/pt\/#organization"},"alternateName":"Digital Group","potentialAction":[{"@type":"SearchAction","target":{"@type":"EntryPoint","urlTemplate":"https:\/\/www.digitalgroup.com\/pt\/?s={search_term_string}"},"query-input":{"@type":"PropertyValueSpecification","valueRequired":true,"valueName":"search_term_string"}}],"inLanguage":"pt"},{"@type":"Organization","@id":"https:\/\/www.digitalgroup.com\/pt\/#organization","name":"Digital Group","url":"https:\/\/www.digitalgroup.com\/pt\/","logo":{"@type":"ImageObject","inLanguage":"pt","@id":"https:\/\/www.digitalgroup.com\/pt\/#\/schema\/logo\/image\/","url":"https:\/\/www.digitalgroup.com\/wp-content\/uploads\/2023\/09\/Logo_color_negro.svg","contentUrl":"https:\/\/www.digitalgroup.com\/wp-content\/uploads\/2023\/09\/Logo_color_negro.svg","width":100,"height":100,"caption":"Digital Group"},"image":{"@id":"https:\/\/www.digitalgroup.com\/pt\/#\/schema\/logo\/image\/"},"sameAs":["https:\/\/www.facebook.com\/profile.php?id=100057584914256","https:\/\/x.com\/digitalgroup360","https:\/\/www.instagram.com\/digitalgroup_es\/","https:\/\/www.linkedin.com\/company\/digital-group-agencia\/mycompany\/verification\/"]}]}},"_links":{"self":[{"href":"https:\/\/www.digitalgroup.com\/pt\/wp-json\/wp\/v2\/pages\/6416","targetHints":{"allow":["GET"]}}],"collection":[{"href":"https:\/\/www.digitalgroup.com\/pt\/wp-json\/wp\/v2\/pages"}],"about":[{"href":"https:\/\/www.digitalgroup.com\/pt\/wp-json\/wp\/v2\/types\/page"}],"author":[{"embeddable":true,"href":"https:\/\/www.digitalgroup.com\/pt\/wp-json\/wp\/v2\/users\/7"}],"replies":[{"embeddable":true,"href":"https:\/\/www.digitalgroup.com\/pt\/wp-json\/wp\/v2\/comments?post=6416"}],"version-history":[{"count":0,"href":"https:\/\/www.digitalgroup.com\/pt\/wp-json\/wp\/v2\/pages\/6416\/revisions"}],"wp:attachment":[{"href":"https:\/\/www.digitalgroup.com\/pt\/wp-json\/wp\/v2\/media?parent=6416"}],"curies":[{"name":"wp","href":"https:\/\/api.w.org\/{rel}","templated":true}]}}