{"id":6424,"date":"2023-10-03T12:19:14","date_gmt":"2023-10-03T10:19:14","guid":{"rendered":"https:\/\/dev.digitalgroup.es\/politica-de-cookies\/"},"modified":"2024-01-04T10:04:33","modified_gmt":"2024-01-04T09:04:33","slug":"politica-de-cookies","status":"publish","type":"page","link":"https:\/\/www.digitalgroup.com\/pt\/politica-de-cookies\/","title":{"rendered":"Pol\u00edtica de cookies"},"content":{"rendered":"\t\t<div data-elementor-type=\"wp-page\" data-elementor-id=\"6424\" class=\"elementor elementor-6424 elementor-629\" data-elementor-post-type=\"page\">\n\t\t\t\t<div class=\"elementor-element elementor-element-2c5b551 e-flex e-con-boxed e-con e-parent\" data-id=\"2c5b551\" data-element_type=\"container\">\n\t\t\t\t\t<div class=\"e-con-inner\">\n\t\t\t\t<div class=\"elementor-element elementor-element-8b0e9f6 elementor-widget__width-initial elementor-widget elementor-widget-image\" data-id=\"8b0e9f6\" data-element_type=\"widget\" data-widget_type=\"image.default\">\n\t\t\t\t<div class=\"elementor-widget-container\">\n\t\t\t\t\t\t\t\t\t\t\t\t\t\t\t<img decoding=\"async\" width=\"18\" height=\"14\" src=\"https:\/\/www.digitalgroup.com\/wp-content\/uploads\/2023\/09\/Triangulo.svg\" class=\"attachment-large size-large wp-image-6245\" alt=\"\" \/>\t\t\t\t\t\t\t\t\t\t\t\t\t\t\t<\/div>\n\t\t\t\t<\/div>\n\t\t\t\t<div class=\"elementor-element elementor-element-c01f177 elementor-widget elementor-widget-heading\" data-id=\"c01f177\" data-element_type=\"widget\" data-widget_type=\"heading.default\">\n\t\t\t\t<div class=\"elementor-widget-container\">\n\t\t\t\t\t<h1 class=\"elementor-heading-title elementor-size-xxl\">\nPol\u00edtica de cookies\n<\/h1>\t\t\t\t<\/div>\n\t\t\t\t<\/div>\n\t\t\t\t\t<\/div>\n\t\t\t\t<\/div>\n\t\t<div class=\"elementor-element elementor-element-f667dac e-flex e-con-boxed e-con e-parent\" data-id=\"f667dac\" data-element_type=\"container\">\n\t\t\t\t\t<div class=\"e-con-inner\">\n\t\t\t\t<div class=\"elementor-element elementor-element-6e51637 elementor-widget elementor-widget-text-editor\" data-id=\"6e51637\" data-element_type=\"widget\" data-widget_type=\"text-editor.default\">\n\t\t\t\t<div class=\"elementor-widget-container\">\n\t\t\t\t\t\t\t\t\t<p>DIGITAL GROUP Branch, S.L., (a seguir designada por &#8221; <strong><em>GRUPO DIGITAL<\/em><\/strong>&#8220;) informa, atrav\u00e9s da presente Pol\u00edtica de Cookies, sobre a utiliza\u00e7\u00e3o de dispositivos de armazenamento e recupera\u00e7\u00e3o de dados nos equipamentos terminais dos Utilizadores.<\/p><h2><strong>1. o que s\u00e3o cookies?<\/strong><\/h2><p>Os cookies s\u00e3o ficheiros ou arquivos que s\u00e3o descarregados para o computador\/smartphone\/tablet do Utilizador ao aceder a determinadas p\u00e1ginas web e aplica\u00e7\u00f5es que permitem armazenar as prefer\u00eancias de navega\u00e7\u00e3o do Utilizador, tornando mais r\u00e1pida e f\u00e1cil a intera\u00e7\u00e3o entre o Utilizador e o Site.<\/p><p>A informa\u00e7\u00e3o recolhida pelos cookies \u00e9 an\u00f3nima e n\u00e3o cont\u00e9m qualquer informa\u00e7\u00e3o sens\u00edvel, uma vez que n\u00e3o recolhem dados que possam identificar pessoalmente o Utilizador. Em qualquer caso, o Utilizador pode aceder \u00e0 configura\u00e7\u00e3o do seu navegador para modificar e\/ou bloquear a instala\u00e7\u00e3o dos Cookies enviados pelo Site, sem que isso impe\u00e7a o acesso aos conte\u00fados.<\/p><h2><strong>2) Para que \u00e9 que a DIGITAL GROUP utiliza os cookies?<\/strong><\/h2><p>Em conformidade com a Lei 34\/2002, de 11 de julho, relativa aos servi\u00e7os da sociedade da informa\u00e7\u00e3o e do com\u00e9rcio eletr\u00f3nico (doravante, &#8220;LSSI&#8221;), informamos que este s\u00edtio Web utiliza cookies ou outros dispositivos de armazenamento e recupera\u00e7\u00e3o de informa\u00e7\u00f5es para acompanhar as interac\u00e7\u00f5es dos utilizadores com os servi\u00e7os oferecidos no s\u00edtio Web.<\/p><p>Os cookies permitem reconhecer o navegador do Utilizador, bem como o tipo de dispositivo a partir do qual o S\u00edtio Web \u00e9 acedido e s\u00e3o utilizados para facilitar a pr\u00f3xima visita do Utilizador e para tornar o S\u00edtio Web mais \u00fatil para o Utilizador.<\/p><p>A DIGITAL GROUP utiliza cookies para:<\/p><p>(i) Para otimizar a experi\u00eancia de navega\u00e7\u00e3o do Utilizador atrav\u00e9s do rastreio de sess\u00f5es.<\/p><p>(ii) Recolher informa\u00e7\u00f5es para otimizar a navega\u00e7\u00e3o e melhorar o s\u00edtio Web.<\/p><p>(iii) Para oferecer publicidade com base nos h\u00e1bitos de navega\u00e7\u00e3o do Utilizador.<\/p><p>O s\u00edtio Web utiliza os seguintes tipos de cookies:<\/p><p>&#8211; <strong>Cookies t\u00e9cnicos ou de sess\u00e3o:<\/strong> Cookies estritamente necess\u00e1rios para fornecer um servi\u00e7o ou conte\u00fado solicitado pelo utilizador. Estes s\u00e3o respons\u00e1veis por aspectos t\u00e9cnicos como a identifica\u00e7\u00e3o de registos e a gest\u00e3o das prefer\u00eancias das ferramentas na utiliza\u00e7\u00e3o, intera\u00e7\u00e3o e localiza\u00e7\u00e3o do acesso aos conte\u00fados.<\/p><p>&#8211; <strong>Estat\u00edsticas\/an\u00e1lise:<\/strong> Estes cookies recolhem informa\u00e7\u00f5es relativas \u00e0 utiliza\u00e7\u00e3o do s\u00edtio, tais como o tempo passado no s\u00edtio e o conte\u00fado visitado pelos leitores, a fim de medir o seu desempenho e melhorar a navega\u00e7\u00e3o.<\/p><p>Os principais objectivos prosseguidos com este tipo de cookies s\u00e3o:<\/p><p>&#8211; Para permitir a identifica\u00e7\u00e3o an\u00f3nima dos Utilizadores que navegam e, por conseguinte, a contagem aproximada do n\u00famero de visitantes.<br \/>&#8211; Identificar de forma an\u00f3nima os conte\u00fados mais visitados.<br \/>&#8211; Para saber se o utilizador que acede ao s\u00edtio \u00e9 um visitante novo ou recorrente.<\/p><p>&#8211; <strong>Personaliza\u00e7\u00e3o da publicidade:<\/strong> Estes cookies obt\u00eam informa\u00e7\u00f5es sobre os h\u00e1bitos de navega\u00e7\u00e3o do utilizador para gerir os espa\u00e7os publicit\u00e1rios e oferecer conte\u00fados mais pertinentes e de qualidade em fun\u00e7\u00e3o dos gostos do utilizador.<\/p><p>Os cookies de publicidade utilizados no s\u00edtio Web s\u00e3o enumerados abaixo:<\/p><table border=\"1\" width=\"624\" cellpadding=\"4\"><thead><tr><td><strong>Nome<\/strong><\/td><td><strong>Fornecedor<\/strong><\/td><td><strong>Ordenado por (Dom\u00ednio)<\/strong><\/td><td><strong>Fun\u00e7\u00e3o<\/strong><\/td><\/tr><\/thead><tbody><tr><td>_ga<\/td><td>Google Analytics<\/td><td>digitalgroup.co.uk<\/td><td>O ID an\u00f3nimo do cookie liga o browser do utilizador da Web e a navega\u00e7\u00e3o que este fez no nosso site.<\/td><\/tr><tr><td>__hstc<\/td><td>Hubspot<\/td><td>digitalgroup.co.uk<\/td><td>O cookie principal para monitorizar os visitantes.<\/td><\/tr><tr><td>hubspotutk<\/td><td>Hubspot<\/td><td>digitalgroup.co.uk<\/td><td>Este cookie \u00e9 passado para o HubSpot ao enviar o pedido e \u00e9 utilizado para remover contactos duplicados.<\/td><\/tr><tr><td>__hssc<\/td><td>Hubspot<\/td><td>digitalgroup.co.uk<\/td><td>\u00c9 utilizado para determinar se devemos incrementar o n\u00famero da sess\u00e3o e os carimbos de data\/hora no cookie __hstc.<\/td><\/tr><tr><td>_hssrc<\/td><td>Hubspot<\/td><td>digitalgroup.co.uk<\/td><td>Utilizamo-lo para determinar se o utilizador reiniciou o seu browser. Se este cookie n\u00e3o existir quando gerimos os cookies, assumimos que se trata de uma nova sess\u00e3o.<\/td><\/tr><tr><td>__hs_opt_out<\/td><td>Hubspot<\/td><td>digitalgroup.co.uk<\/td><td>A pol\u00edtica de privacidade opt-in utiliza este cookie para que o utilizador deixe de ser solicitado a aceitar cookies.<\/td><\/tr><tr><td>__hs_testcookie<\/td><td>Hubspot<\/td><td>digitalgroup.co.uk<\/td><td>Este cookie \u00e9 utilizado para testar se o visitante tem os cookies activados.<\/td><\/tr><tr><td>hsPagesViewedThisSession<\/td><td>Hubspot<\/td><td>digitalgroup.co.uk<\/td><td>Este cookie \u00e9 utilizado para monitorizar o n\u00famero de visualiza\u00e7\u00f5es de p\u00e1ginas numa sess\u00e3o.<\/td><\/tr><tr><td>hsfirstvisit<\/td><td>Hubspot<\/td><td>digitalgroup.co.uk<\/td><td>Este cookie \u00e9 utilizado para monitorizar a primeira visita de um utilizador.<\/td><\/tr><\/tbody><\/table><h2>\u00a0<\/h2><h2><strong>3) Como desativar os cookies?<\/strong><\/h2><p>Os cookies que n\u00e3o s\u00e3o obrigat\u00f3rios para a navega\u00e7\u00e3o neste s\u00edtio Web podem ser desactivados nas defini\u00e7\u00f5es do s\u00edtio Web. Estas defini\u00e7\u00f5es est\u00e3o localizadas no rodap\u00e9 do s\u00edtio Web. Al\u00e9m disso, todos os browsers permitem que sejam feitas altera\u00e7\u00f5es para desativar as defini\u00e7\u00f5es de cookies.<\/p><p>\u00c9 por isso que a maior parte dos navegadores oferece a possibilidade de gerir os cookies, de modo a obter um controlo mais preciso da privacidade. Estas defini\u00e7\u00f5es est\u00e3o localizadas no menu &#8220;op\u00e7\u00f5es&#8221; ou &#8220;prefer\u00eancias&#8221; do seu browser.<\/p><p>Abaixo, pode encontrar as liga\u00e7\u00f5es para cada browser para desativar os cookies seguindo as instru\u00e7\u00f5es:<\/p><p>&#8211; Internet Explorer (https:\/\/goo.gl\/iU2wh2 )<\/p><p>&#8211; No menu Ferramentas, seleccione &#8220;Op\u00e7\u00f5es da Internet&#8221;.<br \/>&#8211; Clique no separador &#8220;Privacidade&#8221;.<br \/>&#8211; Pode definir defini\u00e7\u00f5es de privacidade com um cursor de seis vias que lhe permite controlar o n\u00famero de cookies que ser\u00e3o definidos: Bloquear todos os cookies, Alto, M\u00e9dio Alto, M\u00e9dio (n\u00edvel predefinido), Baixo e Aceitar todos os cookies.<\/p><p>&#8211; Mozilla Firefox (http:\/\/goo.gl\/QXWYmv)<\/p><p>&#8211; Na parte superior da janela do Firefox, clique no menu Ferramentas.<br \/>&#8211; Selecionar Op\u00e7\u00f5es.<br \/>&#8211; Seleccione o painel Privacidade.<br \/>&#8211; Na op\u00e7\u00e3o Firefox, pode optar por Utilizar defini\u00e7\u00f5es personalizadas para o seu hist\u00f3rico, bem como outras quest\u00f5es relacionadas com a sua Privacidade.<\/p><p>&#8211; Google Chrome (http:\/\/goo.gl\/fQnkSB)<\/p><p>&#8211; Clique no menu da barra de ferramentas.<br \/>&#8211; Seleccione Configura\u00e7\u00e3o.<br \/>&#8211; Clique em Mostrar op\u00e7\u00f5es avan\u00e7adas.<br \/>&#8211; Na sele\u00e7\u00e3o &#8220;Privacidade&#8221;, clique no bot\u00e3o &#8220;Defini\u00e7\u00f5es de conte\u00fado&#8221;.<br \/>&#8211; Na sele\u00e7\u00e3o Cookies, pode configurar as op\u00e7\u00f5es.<\/p><p>&#8211; Safari (https:\/\/goo.gl\/PcjEm3)<\/p><p>&#8211; No menu de configura\u00e7\u00e3o, seleccione a op\u00e7\u00e3o &#8220;Prefer\u00eancias&#8221;.<br \/>&#8211; Abrir o separador &#8220;Privacidade&#8221;.<br \/>&#8211; Seleccione a op\u00e7\u00e3o que pretende na sec\u00e7\u00e3o &#8220;bloquear cookies&#8221;.<br \/>&#8211; Note-se que determinadas caracter\u00edsticas e todas as funcionalidades do s\u00edtio Web podem n\u00e3o estar dispon\u00edveis depois de desativar os cookies.<\/p><p>Se n\u00e3o desejar ser rastreado por cookies, a Google desenvolveu um plug-in para instalar no seu browser, ao qual pode aceder atrav\u00e9s da seguinte liga\u00e7\u00e3o: http:\/\/goo.gl\/up4ND.<\/p><h2>\u00a0<\/h2><h2><strong>4. Cookies em dispositivos m\u00f3veis.<\/strong><\/h2><p>O GRUPO DIGITAL do s\u00edtio Web tamb\u00e9m utiliza cookies ou outros dispositivos de armazenamento em dispositivos m\u00f3veis.<\/p><p>Os cookies que n\u00e3o s\u00e3o obrigat\u00f3rios para a navega\u00e7\u00e3o neste s\u00edtio Web podem ser desactivados nas defini\u00e7\u00f5es do s\u00edtio Web.<\/p><p>Estas defini\u00e7\u00f5es est\u00e3o localizadas no rodap\u00e9 do s\u00edtio Web. Al\u00e9m disso, tal como acontece com os navegadores de computador, os navegadores dos dispositivos m\u00f3veis permitem alterar as op\u00e7\u00f5es de privacidade ou as defini\u00e7\u00f5es para desativar ou apagar os cookies.<\/p><p>Se pretender alterar as suas defini\u00e7\u00f5es de privacidade, siga as instru\u00e7\u00f5es especificadas pelo programador do seu browser m\u00f3vel.<\/p><p>Seguem-se alguns exemplos de liga\u00e7\u00f5es que o guiar\u00e3o para modificar as defini\u00e7\u00f5es de privacidade no seu dispositivo m\u00f3vel:<\/p><p>&#8211; IOS: (http:\/\/goo.gl\/61xevS)<br \/>&#8211; Windows Phone: (https:\/\/goo.gl\/tKyb0y)<br \/>&#8211; Chrome Mobile: (http:\/\/goo.gl\/XJp7N)<br \/>&#8211; Opera Mobile: (http:\/\/goo.gl\/Nzr8s7)<\/p><h2>\u00a0<\/h2><h2><strong>5. Aceita\u00e7\u00e3o de cookies.<\/strong><\/h2><p>Este s\u00edtio Web n\u00e3o instala os nossos cookies nos dispositivos dos utilizadores at\u00e9 que estes tenham aceite a instala\u00e7\u00e3o de cookies.<\/p><p>Informamos que, se n\u00e3o aceitar a instala\u00e7\u00e3o de cookies ou se desativar alguns deles na configura\u00e7\u00e3o, \u00e9 poss\u00edvel que determinados servi\u00e7os n\u00e3o estejam dispon\u00edveis sem a utiliza\u00e7\u00e3o de cookies ou que n\u00e3o possa aceder a determinados servi\u00e7os ou tirar o m\u00e1ximo partido de tudo o que este s\u00edtio Web tem para oferecer.<\/p><h2>\u00a0<\/h2><h2><strong>6. Informa\u00e7\u00f5es relativas aos seus dados.<\/strong><\/h2><p>Para exercer qualquer um dos seus direitos em mat\u00e9ria de prote\u00e7\u00e3o de dados, bem como para poder conhecer os direitos das pessoas em causa, pode (i) Finalidades do tratamento e base jur\u00eddica do tratamento; (ii) Destinat\u00e1rios ou categorias de destinat\u00e1rios de dados pessoais; (iii) Transfer\u00eancias internacionais; (iv) Per\u00edodo de conserva\u00e7\u00e3o; (v) Direitos das pessoas em causa; (vi) Exist\u00eancia de decis\u00f5es automatizadas, incluindo a defini\u00e7\u00e3o de perfis, pode aceder \u00e0 <a href=\"https:\/\/www.digitalgroup.com\/pt\/politica-de-privacidade\/\" target=\"_blank\" rel=\"noopener\">Pol\u00edtica de Privacidade<\/a> do GRUPO DIGITAL.<\/p>\t\t\t\t\t\t\t\t<\/div>\n\t\t\t\t<\/div>\n\t\t\t\t\t<\/div>\n\t\t\t\t<\/div>\n\t\t\t\t<\/div>\n\t\t","protected":false},"excerpt":{"rendered":"<p>Pol\u00edtica de cookies DIGITAL GROUP Branch, S.L., (a seguir designada por &#8221; GRUPO DIGITAL&#8220;) informa, atrav\u00e9s da presente Pol\u00edtica de Cookies, sobre a utiliza\u00e7\u00e3o de dispositivos de armazenamento e recupera\u00e7\u00e3o de dados nos equipamentos terminais dos Utilizadores. 1. o que s\u00e3o cookies? Os cookies s\u00e3o ficheiros ou arquivos que s\u00e3o descarregados para o computador\/smartphone\/tablet do [&hellip;]<\/p>\n","protected":false},"author":7,"featured_media":0,"parent":0,"menu_order":0,"comment_status":"closed","ping_status":"closed","template":"","meta":{"_acf_changed":false,"footnotes":""},"class_list":["post-6424","page","type-page","status-publish","hentry"],"acf":[],"yoast_head":"<!-- This site is optimized with the Yoast SEO plugin v25.6 - https:\/\/yoast.com\/wordpress\/plugins\/seo\/ -->\n<title>Pol\u00edtica de cookies | Digital Group<\/title>\n<meta name=\"description\" content=\"Coneix el nostre \u00fas de cookies i com gestionem la teva privadesa.\" \/>\n<meta name=\"robots\" content=\"index, follow, max-snippet:-1, max-image-preview:large, max-video-preview:-1\" \/>\n<link rel=\"canonical\" href=\"https:\/\/www.digitalgroup.com\/pt\/politica-de-cookies\/\" \/>\n<meta property=\"og:locale\" content=\"pt_PT\" \/>\n<meta property=\"og:type\" content=\"article\" \/>\n<meta property=\"og:title\" content=\"Pol\u00edtica de cookies | Digital Group\" \/>\n<meta property=\"og:description\" content=\"Coneix el nostre \u00fas de cookies i com gestionem la teva privadesa.\" \/>\n<meta property=\"og:url\" content=\"https:\/\/www.digitalgroup.com\/pt\/politica-de-cookies\/\" \/>\n<meta property=\"og:site_name\" content=\"Digital Group\" \/>\n<meta property=\"article:publisher\" content=\"https:\/\/www.facebook.com\/profile.php?id=100057584914256\" \/>\n<meta property=\"article:modified_time\" content=\"2024-01-04T09:04:33+00:00\" \/>\n<meta property=\"og:image\" content=\"https:\/\/www.digitalgroup.com\/wp-content\/uploads\/2023\/09\/Triangulo.svg\" \/>\n<meta name=\"twitter:card\" content=\"summary_large_image\" \/>\n<meta name=\"twitter:site\" content=\"@digitalgroup360\" \/>\n<meta name=\"twitter:label1\" content=\"Est. reading time\" \/>\n\t<meta name=\"twitter:data1\" content=\"6 minutes\" \/>\n<script type=\"application\/ld+json\" class=\"yoast-schema-graph\">{\"@context\":\"https:\/\/schema.org\",\"@graph\":[{\"@type\":\"WebPage\",\"@id\":\"https:\/\/www.digitalgroup.com\/pt\/politica-de-cookies\/\",\"url\":\"https:\/\/www.digitalgroup.com\/pt\/politica-de-cookies\/\",\"name\":\"Pol\u00edtica de cookies | Digital Group\",\"isPartOf\":{\"@id\":\"https:\/\/www.digitalgroup.com\/pt\/#website\"},\"primaryImageOfPage\":{\"@id\":\"https:\/\/www.digitalgroup.com\/pt\/politica-de-cookies\/#primaryimage\"},\"image\":{\"@id\":\"https:\/\/www.digitalgroup.com\/pt\/politica-de-cookies\/#primaryimage\"},\"thumbnailUrl\":\"https:\/\/www.digitalgroup.com\/wp-content\/uploads\/2023\/09\/Triangulo.svg\",\"datePublished\":\"2023-10-03T10:19:14+00:00\",\"dateModified\":\"2024-01-04T09:04:33+00:00\",\"description\":\"Coneix el nostre \u00fas de cookies i com gestionem la teva privadesa.\",\"breadcrumb\":{\"@id\":\"https:\/\/www.digitalgroup.com\/pt\/politica-de-cookies\/#breadcrumb\"},\"inLanguage\":\"pt\",\"potentialAction\":[{\"@type\":\"ReadAction\",\"target\":[\"https:\/\/www.digitalgroup.com\/pt\/politica-de-cookies\/\"]}]},{\"@type\":\"ImageObject\",\"inLanguage\":\"pt\",\"@id\":\"https:\/\/www.digitalgroup.com\/pt\/politica-de-cookies\/#primaryimage\",\"url\":\"https:\/\/www.digitalgroup.com\/wp-content\/uploads\/2023\/09\/Triangulo.svg\",\"contentUrl\":\"https:\/\/www.digitalgroup.com\/wp-content\/uploads\/2023\/09\/Triangulo.svg\"},{\"@type\":\"BreadcrumbList\",\"@id\":\"https:\/\/www.digitalgroup.com\/pt\/politica-de-cookies\/#breadcrumb\",\"itemListElement\":[{\"@type\":\"ListItem\",\"position\":1,\"name\":\"Portada\",\"item\":\"https:\/\/www.digitalgroup.com\/pt\/home\/\"},{\"@type\":\"ListItem\",\"position\":2,\"name\":\"Pol\u00edtica de cookies\"}]},{\"@type\":\"WebSite\",\"@id\":\"https:\/\/www.digitalgroup.com\/pt\/#website\",\"url\":\"https:\/\/www.digitalgroup.com\/pt\/\",\"name\":\"Digital Group\",\"description\":\"Somos uma ag\u00eancia especializada em an\u00e1lise web e digital. Traduzimos dados em informa\u00e7\u00e3o operacional para expandir o seu neg\u00f3cio.\",\"publisher\":{\"@id\":\"https:\/\/www.digitalgroup.com\/pt\/#organization\"},\"alternateName\":\"Digital Group\",\"potentialAction\":[{\"@type\":\"SearchAction\",\"target\":{\"@type\":\"EntryPoint\",\"urlTemplate\":\"https:\/\/www.digitalgroup.com\/pt\/?s={search_term_string}\"},\"query-input\":{\"@type\":\"PropertyValueSpecification\",\"valueRequired\":true,\"valueName\":\"search_term_string\"}}],\"inLanguage\":\"pt\"},{\"@type\":\"Organization\",\"@id\":\"https:\/\/www.digitalgroup.com\/pt\/#organization\",\"name\":\"Digital Group\",\"url\":\"https:\/\/www.digitalgroup.com\/pt\/\",\"logo\":{\"@type\":\"ImageObject\",\"inLanguage\":\"pt\",\"@id\":\"https:\/\/www.digitalgroup.com\/pt\/#\/schema\/logo\/image\/\",\"url\":\"https:\/\/www.digitalgroup.com\/wp-content\/uploads\/2023\/09\/Logo_color_negro.svg\",\"contentUrl\":\"https:\/\/www.digitalgroup.com\/wp-content\/uploads\/2023\/09\/Logo_color_negro.svg\",\"width\":100,\"height\":100,\"caption\":\"Digital Group\"},\"image\":{\"@id\":\"https:\/\/www.digitalgroup.com\/pt\/#\/schema\/logo\/image\/\"},\"sameAs\":[\"https:\/\/www.facebook.com\/profile.php?id=100057584914256\",\"https:\/\/x.com\/digitalgroup360\",\"https:\/\/www.instagram.com\/digitalgroup_es\/\",\"https:\/\/www.linkedin.com\/company\/digital-group-agencia\/mycompany\/verification\/\"]}]}<\/script>\n<!-- \/ Yoast SEO plugin. -->","yoast_head_json":{"title":"Pol\u00edtica de cookies | Digital Group","description":"Coneix el nostre \u00fas de cookies i com gestionem la teva privadesa.","robots":{"index":"index","follow":"follow","max-snippet":"max-snippet:-1","max-image-preview":"max-image-preview:large","max-video-preview":"max-video-preview:-1"},"canonical":"https:\/\/www.digitalgroup.com\/pt\/politica-de-cookies\/","og_locale":"pt_PT","og_type":"article","og_title":"Pol\u00edtica de cookies | Digital Group","og_description":"Coneix el nostre \u00fas de cookies i com gestionem la teva privadesa.","og_url":"https:\/\/www.digitalgroup.com\/pt\/politica-de-cookies\/","og_site_name":"Digital Group","article_publisher":"https:\/\/www.facebook.com\/profile.php?id=100057584914256","article_modified_time":"2024-01-04T09:04:33+00:00","og_image":[{"url":"https:\/\/www.digitalgroup.com\/wp-content\/uploads\/2023\/09\/Triangulo.svg","type":"","width":"","height":""}],"twitter_card":"summary_large_image","twitter_site":"@digitalgroup360","twitter_misc":{"Est. reading time":"6 minutes"},"schema":{"@context":"https:\/\/schema.org","@graph":[{"@type":"WebPage","@id":"https:\/\/www.digitalgroup.com\/pt\/politica-de-cookies\/","url":"https:\/\/www.digitalgroup.com\/pt\/politica-de-cookies\/","name":"Pol\u00edtica de cookies | Digital Group","isPartOf":{"@id":"https:\/\/www.digitalgroup.com\/pt\/#website"},"primaryImageOfPage":{"@id":"https:\/\/www.digitalgroup.com\/pt\/politica-de-cookies\/#primaryimage"},"image":{"@id":"https:\/\/www.digitalgroup.com\/pt\/politica-de-cookies\/#primaryimage"},"thumbnailUrl":"https:\/\/www.digitalgroup.com\/wp-content\/uploads\/2023\/09\/Triangulo.svg","datePublished":"2023-10-03T10:19:14+00:00","dateModified":"2024-01-04T09:04:33+00:00","description":"Coneix el nostre \u00fas de cookies i com gestionem la teva privadesa.","breadcrumb":{"@id":"https:\/\/www.digitalgroup.com\/pt\/politica-de-cookies\/#breadcrumb"},"inLanguage":"pt","potentialAction":[{"@type":"ReadAction","target":["https:\/\/www.digitalgroup.com\/pt\/politica-de-cookies\/"]}]},{"@type":"ImageObject","inLanguage":"pt","@id":"https:\/\/www.digitalgroup.com\/pt\/politica-de-cookies\/#primaryimage","url":"https:\/\/www.digitalgroup.com\/wp-content\/uploads\/2023\/09\/Triangulo.svg","contentUrl":"https:\/\/www.digitalgroup.com\/wp-content\/uploads\/2023\/09\/Triangulo.svg"},{"@type":"BreadcrumbList","@id":"https:\/\/www.digitalgroup.com\/pt\/politica-de-cookies\/#breadcrumb","itemListElement":[{"@type":"ListItem","position":1,"name":"Portada","item":"https:\/\/www.digitalgroup.com\/pt\/home\/"},{"@type":"ListItem","position":2,"name":"Pol\u00edtica de cookies"}]},{"@type":"WebSite","@id":"https:\/\/www.digitalgroup.com\/pt\/#website","url":"https:\/\/www.digitalgroup.com\/pt\/","name":"Digital Group","description":"Somos uma ag\u00eancia especializada em an\u00e1lise web e digital. Traduzimos dados em informa\u00e7\u00e3o operacional para expandir o seu neg\u00f3cio.","publisher":{"@id":"https:\/\/www.digitalgroup.com\/pt\/#organization"},"alternateName":"Digital Group","potentialAction":[{"@type":"SearchAction","target":{"@type":"EntryPoint","urlTemplate":"https:\/\/www.digitalgroup.com\/pt\/?s={search_term_string}"},"query-input":{"@type":"PropertyValueSpecification","valueRequired":true,"valueName":"search_term_string"}}],"inLanguage":"pt"},{"@type":"Organization","@id":"https:\/\/www.digitalgroup.com\/pt\/#organization","name":"Digital Group","url":"https:\/\/www.digitalgroup.com\/pt\/","logo":{"@type":"ImageObject","inLanguage":"pt","@id":"https:\/\/www.digitalgroup.com\/pt\/#\/schema\/logo\/image\/","url":"https:\/\/www.digitalgroup.com\/wp-content\/uploads\/2023\/09\/Logo_color_negro.svg","contentUrl":"https:\/\/www.digitalgroup.com\/wp-content\/uploads\/2023\/09\/Logo_color_negro.svg","width":100,"height":100,"caption":"Digital Group"},"image":{"@id":"https:\/\/www.digitalgroup.com\/pt\/#\/schema\/logo\/image\/"},"sameAs":["https:\/\/www.facebook.com\/profile.php?id=100057584914256","https:\/\/x.com\/digitalgroup360","https:\/\/www.instagram.com\/digitalgroup_es\/","https:\/\/www.linkedin.com\/company\/digital-group-agencia\/mycompany\/verification\/"]}]}},"_links":{"self":[{"href":"https:\/\/www.digitalgroup.com\/pt\/wp-json\/wp\/v2\/pages\/6424","targetHints":{"allow":["GET"]}}],"collection":[{"href":"https:\/\/www.digitalgroup.com\/pt\/wp-json\/wp\/v2\/pages"}],"about":[{"href":"https:\/\/www.digitalgroup.com\/pt\/wp-json\/wp\/v2\/types\/page"}],"author":[{"embeddable":true,"href":"https:\/\/www.digitalgroup.com\/pt\/wp-json\/wp\/v2\/users\/7"}],"replies":[{"embeddable":true,"href":"https:\/\/www.digitalgroup.com\/pt\/wp-json\/wp\/v2\/comments?post=6424"}],"version-history":[{"count":0,"href":"https:\/\/www.digitalgroup.com\/pt\/wp-json\/wp\/v2\/pages\/6424\/revisions"}],"wp:attachment":[{"href":"https:\/\/www.digitalgroup.com\/pt\/wp-json\/wp\/v2\/media?parent=6424"}],"curies":[{"name":"wp","href":"https:\/\/api.w.org\/{rel}","templated":true}]}}